{"id":46586,"date":"2025-08-13T21:43:57","date_gmt":"2025-08-13T21:43:57","guid":{"rendered":"https:\/\/veritas.cl\/veritas\/?page_id=46586"},"modified":"2026-03-20T15:32:48","modified_gmt":"2026-03-20T15:32:48","slug":"asesoria-y-gestion","status":"publish","type":"page","link":"https:\/\/veritas.cl\/veritas\/asesoria-y-gestion\/","title":{"rendered":"Asesor\u00eda y Gesti\u00f3n"},"content":{"rendered":"\t\t<div data-elementor-type=\"wp-page\" data-elementor-id=\"46586\" class=\"elementor elementor-46586\" data-elementor-settings=\"{&quot;element_pack_global_tooltip_width&quot;:{&quot;unit&quot;:&quot;px&quot;,&quot;size&quot;:&quot;&quot;,&quot;sizes&quot;:[]},&quot;element_pack_global_tooltip_width_laptop&quot;:{&quot;unit&quot;:&quot;px&quot;,&quot;size&quot;:&quot;&quot;,&quot;sizes&quot;:[]},&quot;element_pack_global_tooltip_width_tablet&quot;:{&quot;unit&quot;:&quot;px&quot;,&quot;size&quot;:&quot;&quot;,&quot;sizes&quot;:[]},&quot;element_pack_global_tooltip_width_mobile&quot;:{&quot;unit&quot;:&quot;px&quot;,&quot;size&quot;:&quot;&quot;,&quot;sizes&quot;:[]},&quot;element_pack_global_tooltip_padding&quot;:{&quot;unit&quot;:&quot;px&quot;,&quot;top&quot;:&quot;&quot;,&quot;right&quot;:&quot;&quot;,&quot;bottom&quot;:&quot;&quot;,&quot;left&quot;:&quot;&quot;,&quot;isLinked&quot;:true},&quot;element_pack_global_tooltip_padding_laptop&quot;:{&quot;unit&quot;:&quot;px&quot;,&quot;top&quot;:&quot;&quot;,&quot;right&quot;:&quot;&quot;,&quot;bottom&quot;:&quot;&quot;,&quot;left&quot;:&quot;&quot;,&quot;isLinked&quot;:true},&quot;element_pack_global_tooltip_padding_tablet&quot;:{&quot;unit&quot;:&quot;px&quot;,&quot;top&quot;:&quot;&quot;,&quot;right&quot;:&quot;&quot;,&quot;bottom&quot;:&quot;&quot;,&quot;left&quot;:&quot;&quot;,&quot;isLinked&quot;:true},&quot;element_pack_global_tooltip_padding_mobile&quot;:{&quot;unit&quot;:&quot;px&quot;,&quot;top&quot;:&quot;&quot;,&quot;right&quot;:&quot;&quot;,&quot;bottom&quot;:&quot;&quot;,&quot;left&quot;:&quot;&quot;,&quot;isLinked&quot;:true},&quot;element_pack_global_tooltip_border_radius&quot;:{&quot;unit&quot;:&quot;px&quot;,&quot;top&quot;:&quot;&quot;,&quot;right&quot;:&quot;&quot;,&quot;bottom&quot;:&quot;&quot;,&quot;left&quot;:&quot;&quot;,&quot;isLinked&quot;:true},&quot;element_pack_global_tooltip_border_radius_laptop&quot;:{&quot;unit&quot;:&quot;px&quot;,&quot;top&quot;:&quot;&quot;,&quot;right&quot;:&quot;&quot;,&quot;bottom&quot;:&quot;&quot;,&quot;left&quot;:&quot;&quot;,&quot;isLinked&quot;:true},&quot;element_pack_global_tooltip_border_radius_tablet&quot;:{&quot;unit&quot;:&quot;px&quot;,&quot;top&quot;:&quot;&quot;,&quot;right&quot;:&quot;&quot;,&quot;bottom&quot;:&quot;&quot;,&quot;left&quot;:&quot;&quot;,&quot;isLinked&quot;:true},&quot;element_pack_global_tooltip_border_radius_mobile&quot;:{&quot;unit&quot;:&quot;px&quot;,&quot;top&quot;:&quot;&quot;,&quot;right&quot;:&quot;&quot;,&quot;bottom&quot;:&quot;&quot;,&quot;left&quot;:&quot;&quot;,&quot;isLinked&quot;:true}}\" data-elementor-post-type=\"page\">\n\t\t\t\t<div data-particle_enable=\"false\" data-particle-mobile-disabled=\"false\" class=\"elementor-element elementor-element-20f3a1d e-flex e-con-boxed wpr-particle-no wpr-jarallax-no wpr-parallax-no e-con e-parent\" data-id=\"20f3a1d\" data-element_type=\"container\" data-e-type=\"container\" data-settings=\"{&quot;background_background&quot;:&quot;classic&quot;}\">\n\t\t\t\t\t<div class=\"e-con-inner\">\n\t\t<div data-particle_enable=\"false\" data-particle-mobile-disabled=\"false\" class=\"elementor-element elementor-element-28809afa e-con-full e-flex wpr-particle-no wpr-jarallax-no wpr-parallax-no e-con e-child\" data-id=\"28809afa\" data-element_type=\"container\" data-e-type=\"container\">\n\t\t<div data-particle_enable=\"false\" data-particle-mobile-disabled=\"false\" class=\"elementor-element elementor-element-651779cd e-con-full e-flex wpr-particle-no wpr-jarallax-no wpr-parallax-no e-con e-child\" data-id=\"651779cd\" data-element_type=\"container\" data-e-type=\"container\">\n\t\t\t\t<div class=\"elementor-element elementor-element-4b888d73 elementor-widget elementor-widget-heading\" data-id=\"4b888d73\" data-element_type=\"widget\" data-e-type=\"widget\" data-widget_type=\"heading.default\">\n\t\t\t\t<div class=\"elementor-widget-container\">\n\t\t\t\t\t<h2 class=\"elementor-heading-title elementor-size-default\">Arquitectura t\u00e9cnica de programas aseguradores<\/h2>\t\t\t\t<\/div>\n\t\t\t\t<\/div>\n\t\t\t\t<div class=\"elementor-element elementor-element-726251a4 elementor-widget elementor-widget-heading\" data-id=\"726251a4\" data-element_type=\"widget\" data-e-type=\"widget\" data-widget_type=\"heading.default\">\n\t\t\t\t<div class=\"elementor-widget-container\">\n\t\t\t\t\t<h2 class=\"elementor-heading-title elementor-size-default\">Asesor\u00eda y gesti\u00f3n en seguros <\/h2>\t\t\t\t<\/div>\n\t\t\t\t<\/div>\n\t\t\t\t<\/div>\n\t\t\t\t<\/div>\n\t\t\t\t\t<\/div>\n\t\t\t\t<\/div>\n\t\t<div data-particle_enable=\"false\" data-particle-mobile-disabled=\"false\" class=\"elementor-element elementor-element-65d4486 e-flex e-con-boxed wpr-particle-no wpr-jarallax-no wpr-parallax-no e-con e-parent\" data-id=\"65d4486\" data-element_type=\"container\" data-e-type=\"container\">\n\t\t\t\t\t<div class=\"e-con-inner\">\n\t\t<div data-particle_enable=\"false\" data-particle-mobile-disabled=\"false\" class=\"elementor-element elementor-element-f6b2fe6 e-con-full e-flex wpr-particle-no wpr-jarallax-no wpr-parallax-no e-con e-child\" data-id=\"f6b2fe6\" data-element_type=\"container\" data-e-type=\"container\">\n\t\t<div data-particle_enable=\"false\" data-particle-mobile-disabled=\"false\" class=\"elementor-element elementor-element-9d4127b e-con-full e-flex wpr-particle-no wpr-jarallax-no wpr-parallax-no e-con e-child\" data-id=\"9d4127b\" data-element_type=\"container\" data-e-type=\"container\">\n\t\t\t\t<div class=\"elementor-element elementor-element-f554c5c elementor-widget elementor-widget-text-editor\" data-id=\"f554c5c\" data-element_type=\"widget\" data-e-type=\"widget\" data-widget_type=\"text-editor.default\">\n\t\t\t\t<div class=\"elementor-widget-container\">\n\t\t\t\t\t\t\t\t\t<p>La gesti\u00f3n de seguros exige comprender en profundidad los riesgos, evaluar alternativas y estructurar soluciones que respondan con precisi\u00f3n a la realidad operativa y patrimonial de cada organizaci\u00f3n o persona.<\/p><p>Nuestra labor consiste en dise\u00f1ar estructuras aseguradoras t\u00e9cnicamente sustentables, alineadas con la naturaleza de cada exposici\u00f3n y con el entorno en el que se desarrolla la actividad.<\/p>\t\t\t\t\t\t\t\t<\/div>\n\t\t\t\t<\/div>\n\t\t\t\t<\/div>\n\t\t\t\t<\/div>\n\t\t\t\t\t<\/div>\n\t\t\t\t<\/div>\n\t\t\t\t<section data-particle_enable=\"false\" data-particle-mobile-disabled=\"false\" class=\"elementor-section elementor-top-section elementor-element elementor-element-d07803a elementor-section-boxed elementor-section-height-default elementor-section-height-default wpr-particle-no wpr-jarallax-no wpr-parallax-no\" data-id=\"d07803a\" data-element_type=\"section\" data-e-type=\"section\">\n\t\t\t\t\t\t<div class=\"elementor-container elementor-column-gap-default\">\n\t\t\t\t\t<div class=\"elementor-column elementor-col-100 elementor-top-column elementor-element elementor-element-7a9bf79e\" data-id=\"7a9bf79e\" data-element_type=\"column\" data-e-type=\"column\">\n\t\t\t<div class=\"elementor-widget-wrap elementor-element-populated\">\n\t\t\t\t\t\t<section data-particle_enable=\"false\" data-particle-mobile-disabled=\"false\" class=\"elementor-section elementor-inner-section elementor-element elementor-element-3bdcb83b elementor-section-boxed elementor-section-height-default elementor-section-height-default wpr-particle-no wpr-jarallax-no wpr-parallax-no\" data-id=\"3bdcb83b\" data-element_type=\"section\" data-e-type=\"section\">\n\t\t\t\t\t\t<div class=\"elementor-container elementor-column-gap-wide\">\n\t\t\t\t\t<div class=\"elementor-column elementor-col-100 elementor-inner-column elementor-element elementor-element-6ee55532\" data-id=\"6ee55532\" data-element_type=\"column\" data-e-type=\"column\">\n\t\t\t<div class=\"elementor-widget-wrap elementor-element-populated\">\n\t\t\t\t\t\t<div class=\"elementor-element elementor-element-605441f7 elementor-widget elementor-widget-heading\" data-id=\"605441f7\" data-element_type=\"widget\" data-e-type=\"widget\" data-widget_type=\"heading.default\">\n\t\t\t\t<div class=\"elementor-widget-container\">\n\t\t\t\t\t<h2 class=\"elementor-heading-title elementor-size-default\">Arquitectura del programa asegurador<\/h2>\t\t\t\t<\/div>\n\t\t\t\t<\/div>\n\t\t\t\t<div class=\"elementor-element elementor-element-6f3112f7 elementor-widget elementor-widget-text-editor\" data-id=\"6f3112f7\" data-element_type=\"widget\" data-e-type=\"widget\" data-widget_type=\"text-editor.default\">\n\t\t\t\t<div class=\"elementor-widget-container\">\n\t\t\t\t\t\t\t\t\t<p>La construcci\u00f3n de un programa de seguros comienza con la identificaci\u00f3n rigurosa de exposiciones, activos, responsabilidades, procesos cr\u00edticos y compromisos contractuales. Este an\u00e1lisis permite definir l\u00edmites adecuados, deducibles consistentes, subl\u00edmites necesarios y coberturas complementarias que eviten vac\u00edos o superposiciones.&nbsp;<\/p><p>En funci\u00f3n del perfil del riesgo, evaluamos estructuras individuales o esquemas de distribuci\u00f3n entre distintas compa\u00f1\u00edas, procurando equilibrio entre alcance de protecci\u00f3n y sostenibilidad financiera.&nbsp;<span style=\"letter-spacing: 0.2px;\">La estructura final responde a la realidad espec\u00edfica de cada cliente, no a formatos estandarizados.<\/span><\/p>\t\t\t\t\t\t\t\t<\/div>\n\t\t\t\t<\/div>\n\t\t\t\t\t<\/div>\n\t\t<\/div>\n\t\t\t\t\t<\/div>\n\t\t<\/section>\n\t\t\t\t\t<\/div>\n\t\t<\/div>\n\t\t\t\t\t<\/div>\n\t\t<\/section>\n\t\t<div data-particle_enable=\"false\" data-particle-mobile-disabled=\"false\" class=\"elementor-element elementor-element-cea8f61 e-flex e-con-boxed wpr-particle-no wpr-jarallax-no wpr-parallax-no e-con e-parent\" data-id=\"cea8f61\" data-element_type=\"container\" data-e-type=\"container\">\n\t\t\t\t\t<div class=\"e-con-inner\">\n\t\t<div data-particle_enable=\"false\" data-particle-mobile-disabled=\"false\" class=\"elementor-element elementor-element-6b9ebc60 e-con-full e-flex wpr-particle-no wpr-jarallax-no wpr-parallax-no e-con e-child\" data-id=\"6b9ebc60\" data-element_type=\"container\" data-e-type=\"container\">\n\t\t\t\t<div class=\"elementor-element elementor-element-1c4ac8de elementor-widget__width-initial elementor-widget elementor-widget-heading\" data-id=\"1c4ac8de\" data-element_type=\"widget\" data-e-type=\"widget\" data-widget_type=\"heading.default\">\n\t\t\t\t<div class=\"elementor-widget-container\">\n\t\t\t\t\t<h2 class=\"elementor-heading-title elementor-size-default\">Interacci\u00f3n t\u00e9cnica con el mercado asegurador<\/h2>\t\t\t\t<\/div>\n\t\t\t\t<\/div>\n\t\t\t\t<div class=\"elementor-element elementor-element-75341149 elementor-widget elementor-widget-text-editor\" data-id=\"75341149\" data-element_type=\"widget\" data-e-type=\"widget\" data-widget_type=\"text-editor.default\">\n\t\t\t\t<div class=\"elementor-widget-container\">\n\t\t\t\t\t\t\t\t\t<p>Actuamos como enlace t\u00e9cnico entre el cliente y el mercado asegurador, facilitando comunicaci\u00f3n estructurada, negociaci\u00f3n informada y decisiones fundadas.<\/p><p>El acceso a distintas capacidades de mercado nos permite articular soluciones coherentes con la magnitud y complejidad de cada riesgo, manteniendo disciplina t\u00e9cnica en la evaluaci\u00f3n de l\u00edmites, condiciones y primas.<\/p>\t\t\t\t\t\t\t\t<\/div>\n\t\t\t\t<\/div>\n\t\t\t\t<\/div>\n\t\t<div data-particle_enable=\"false\" data-particle-mobile-disabled=\"false\" class=\"elementor-element elementor-element-2411b046 e-con-full e-flex wpr-particle-no wpr-jarallax-no wpr-parallax-no e-con e-child\" data-id=\"2411b046\" data-element_type=\"container\" data-e-type=\"container\">\n\t\t\t\t<div class=\"elementor-element elementor-element-3478e062 elementor-widget elementor-widget-heading\" data-id=\"3478e062\" data-element_type=\"widget\" data-e-type=\"widget\" data-widget_type=\"heading.default\">\n\t\t\t\t<div class=\"elementor-widget-container\">\n\t\t\t\t\t<h2 class=\"elementor-heading-title elementor-size-default\">Consistencia y seguimiento durante la vigencia<\/h2>\t\t\t\t<\/div>\n\t\t\t\t<\/div>\n\t\t\t\t<div class=\"elementor-element elementor-element-54a4cd22 elementor-widget elementor-widget-text-editor\" data-id=\"54a4cd22\" data-element_type=\"widget\" data-e-type=\"widget\" data-widget_type=\"text-editor.default\">\n\t\t\t\t<div class=\"elementor-widget-container\">\n\t\t\t\t\t\t\t\t\t<p>La estructuraci\u00f3n del programa es solo el punto de partida. Durante su vigencia realizamos revisi\u00f3n t\u00e9cnica peri\u00f3dica de exposiciones, actualizaciones por crecimiento o modificaciones operativas y ajustes derivados de cambios regulatorios.<\/p><p>Esta supervisi\u00f3n permite sostener coherencia entre la evoluci\u00f3n del negocio y la protecci\u00f3n contratada, evitando desalineaciones que puedan afectar continuidad o estabilidad financiera.<\/p>\t\t\t\t\t\t\t\t<\/div>\n\t\t\t\t<\/div>\n\t\t\t\t<\/div>\n\t\t<div data-particle_enable=\"false\" data-particle-mobile-disabled=\"false\" class=\"elementor-element elementor-element-15b234c6 e-con-full e-flex wpr-particle-no wpr-jarallax-no wpr-parallax-no e-con e-child\" data-id=\"15b234c6\" data-element_type=\"container\" data-e-type=\"container\">\n\t\t\t\t<div class=\"elementor-element elementor-element-22c1f022 elementor-widget elementor-widget-heading\" data-id=\"22c1f022\" data-element_type=\"widget\" data-e-type=\"widget\" data-widget_type=\"heading.default\">\n\t\t\t\t<div class=\"elementor-widget-container\">\n\t\t\t\t\t<h2 class=\"elementor-heading-title elementor-size-default\">Integraci\u00f3n con la gesti\u00f3n t\u00e9cnica de siniestros<\/h2>\t\t\t\t<\/div>\n\t\t\t\t<\/div>\n\t\t\t\t<div class=\"elementor-element elementor-element-22b8fce7 elementor-widget elementor-widget-text-editor\" data-id=\"22b8fce7\" data-element_type=\"widget\" data-e-type=\"widget\" data-widget_type=\"text-editor.default\">\n\t\t\t\t<div class=\"elementor-widget-container\">\n\t\t\t\t\t\t\t\t\t<p>La correcta arquitectura del programa se complementa con una conducci\u00f3n t\u00e9cnica del proceso indemnizatorio cuando ocurre un evento.<\/p><p>La coherencia entre dise\u00f1o y ejecuci\u00f3n es lo que permite que la protecci\u00f3n contratada opere conforme a lo previsto.<\/p>\t\t\t\t\t\t\t\t<\/div>\n\t\t\t\t<\/div>\n\t\t\t\t<\/div>\n\t\t\t\t\t<\/div>\n\t\t\t\t<\/div>\n\t\t<div data-particle_enable=\"false\" data-particle-mobile-disabled=\"false\" class=\"elementor-element elementor-element-270f239 e-flex e-con-boxed wpr-particle-no wpr-jarallax-no wpr-parallax-no e-con e-parent\" data-id=\"270f239\" data-element_type=\"container\" data-e-type=\"container\">\n\t\t\t\t\t<div class=\"e-con-inner\">\n\t\t<div data-particle_enable=\"false\" data-particle-mobile-disabled=\"false\" class=\"elementor-element elementor-element-5c81b194 e-con-full e-flex wpr-particle-no wpr-jarallax-no wpr-parallax-no e-con e-child\" data-id=\"5c81b194\" data-element_type=\"container\" data-e-type=\"container\">\n\t\t<div data-particle_enable=\"false\" data-particle-mobile-disabled=\"false\" class=\"elementor-element elementor-element-378c4121 e-con-full e-flex wpr-particle-no wpr-jarallax-no wpr-parallax-no e-con e-child\" data-id=\"378c4121\" data-element_type=\"container\" data-e-type=\"container\">\n\t\t<div data-particle_enable=\"false\" data-particle-mobile-disabled=\"false\" class=\"elementor-element elementor-element-6b7e5200 e-con-full e-flex wpr-particle-no wpr-jarallax-no wpr-parallax-no e-con e-child\" data-id=\"6b7e5200\" data-element_type=\"container\" data-e-type=\"container\">\n\t\t\t\t<div class=\"elementor-element elementor-element-10008c25 elementor-widget elementor-widget-image\" data-id=\"10008c25\" data-element_type=\"widget\" data-e-type=\"widget\" data-widget_type=\"image.default\">\n\t\t\t\t<div class=\"elementor-widget-container\">\n\t\t\t\t\t\t\t\t\t\t\t\t\t\t\t<img fetchpriority=\"high\" decoding=\"async\" width=\"960\" height=\"960\" src=\"https:\/\/veritas.cl\/veritas\/wp-content\/uploads\/2026\/01\/Gloria-Cespedes-1.webp\" class=\"attachment-large size-large wp-image-57229\" alt=\"\" srcset=\"https:\/\/veritas.cl\/veritas\/wp-content\/uploads\/2026\/01\/Gloria-Cespedes-1.webp 1000w, https:\/\/veritas.cl\/veritas\/wp-content\/uploads\/2026\/01\/Gloria-Cespedes-1-300x300.webp 300w, https:\/\/veritas.cl\/veritas\/wp-content\/uploads\/2026\/01\/Gloria-Cespedes-1-150x150.webp 150w, https:\/\/veritas.cl\/veritas\/wp-content\/uploads\/2026\/01\/Gloria-Cespedes-1-768x768.webp 768w\" sizes=\"(max-width: 960px) 100vw, 960px\" \/>\t\t\t\t\t\t\t\t\t\t\t\t\t\t\t<\/div>\n\t\t\t\t<\/div>\n\t\t\t\t<div class=\"elementor-element elementor-element-3c2de0cb elementor-widget elementor-widget-heading\" data-id=\"3c2de0cb\" data-element_type=\"widget\" data-e-type=\"widget\" data-widget_type=\"heading.default\">\n\t\t\t\t<div class=\"elementor-widget-container\">\n\t\t\t\t\t<h2 class=\"elementor-heading-title elementor-size-default\">Gloria C\u00e9spedes Ponce de Le\u00f3n<\/h2>\t\t\t\t<\/div>\n\t\t\t\t<\/div>\n\t\t\t\t<div class=\"elementor-element elementor-element-701a493b elementor-widget elementor-widget-text-editor\" data-id=\"701a493b\" data-element_type=\"widget\" data-e-type=\"widget\" data-widget_type=\"text-editor.default\">\n\t\t\t\t<div class=\"elementor-widget-container\">\n\t\t\t\t\t\t\t\t\t<p>Subgerente Comercial &#8211; Seguros Generales<\/p>\t\t\t\t\t\t\t\t<\/div>\n\t\t\t\t<\/div>\n\t\t\t\t<\/div>\n\t\t<div data-particle_enable=\"false\" data-particle-mobile-disabled=\"false\" class=\"elementor-element elementor-element-275c4205 e-con-full e-flex wpr-particle-no wpr-jarallax-no wpr-parallax-no e-con e-child\" data-id=\"275c4205\" data-element_type=\"container\" data-e-type=\"container\">\n\t\t\t\t<div class=\"elementor-element elementor-element-41b256e8 elementor-widget elementor-widget-text-editor\" data-id=\"41b256e8\" data-element_type=\"widget\" data-e-type=\"widget\" data-widget_type=\"text-editor.default\">\n\t\t\t\t<div class=\"elementor-widget-container\">\n\t\t\t\t\t\t\t\t\t<p>Estructuramos soluciones de seguros con criterio t\u00e9cnico y visi\u00f3n integral, alineadas con la continuidad y estabilidad de quienes conf\u00edan en nosotros.<\/p>\t\t\t\t\t\t\t\t<\/div>\n\t\t\t\t<\/div>\n\t\t\t\t<div class=\"elementor-element elementor-element-7fe79ba elementor-view-default elementor-widget elementor-widget-icon\" data-id=\"7fe79ba\" data-element_type=\"widget\" data-e-type=\"widget\" data-widget_type=\"icon.default\">\n\t\t\t\t<div class=\"elementor-widget-container\">\n\t\t\t\t\t\t\t<div class=\"elementor-icon-wrapper\">\n\t\t\t<div class=\"elementor-icon\">\n\t\t\t<svg xmlns=\"http:\/\/www.w3.org\/2000\/svg\" xmlns:xlink=\"http:\/\/www.w3.org\/1999\/xlink\" id=\"Capa_1\" data-name=\"Capa 1\" viewBox=\"0 0 159.26 133.11\"><defs><style>      .cls-1 {        fill: none;      }      .cls-2 {        fill: #003865;      }      .cls-3 {        clip-path: url(#clippath);      }    <\/style><clipPath id=\"clippath\"><rect class=\"cls-1\" width=\"159.26\" height=\"133.11\"><\/rect><\/clipPath><\/defs><g class=\"cls-3\"><path class=\"cls-2\" d=\"M32.49,133.11c14.26,0,24.56-11.09,24.56-23.77,0-14.26-10.3-23.77-22.19-23.77-7.92,0-11.89,3.17-15.05,8.72h-1.58c-7.92-27.73,15.85-69.73,49.92-83.2L53.88,0C18.22,18.22,0,55.46,0,89.54c0,25.36,11.09,43.58,32.49,43.58M123.61,133.11c14.26,0,24.56-11.09,24.56-23.77,0-14.26-10.3-23.77-22.19-23.77-7.92,0-11.89,3.17-15.05,8.72h-1.58c-7.92-27.73,15.85-69.73,49.92-83.2l-14.26-11.09c-35.66,18.22-53.88,55.46-53.88,89.54,0,25.36,11.09,43.58,32.49,43.58\"><\/path><\/g><\/svg>\t\t\t<\/div>\n\t\t<\/div>\n\t\t\t\t\t\t<\/div>\n\t\t\t\t<\/div>\n\t\t\t\t<\/div>\n\t\t\t\t<\/div>\n\t\t\t\t<\/div>\n\t\t\t\t\t<\/div>\n\t\t\t\t<\/div>\n\t\t\t\t<\/div>\n\t\t","protected":false},"excerpt":{"rendered":"<p>Arquitectura t\u00e9cnica de programas aseguradores Asesor\u00eda y gesti\u00f3n en seguros La gesti\u00f3n de seguros exige comprender en profundidad los riesgos, evaluar alternativas y estructurar soluciones que respondan con precisi\u00f3n a la realidad operativa y patrimonial de cada organizaci\u00f3n o persona. Nuestra labor consiste en dise\u00f1ar estructuras aseguradoras t\u00e9cnicamente sustentables, alineadas con la naturaleza de cada exposici\u00f3n y con el entorno en el que se desarrolla la actividad. Arquitectura del programa asegurador La construcci\u00f3n de un programa de seguros comienza con la identificaci\u00f3n rigurosa de exposiciones, activos, responsabilidades, procesos cr\u00edticos y compromisos contractuales. Este an\u00e1lisis permite definir l\u00edmites adecuados, deducibles consistentes, subl\u00edmites necesarios y coberturas complementarias que eviten vac\u00edos o superposiciones.&nbsp; En funci\u00f3n del perfil del riesgo, evaluamos estructuras individuales o esquemas de distribuci\u00f3n entre distintas compa\u00f1\u00edas, procurando equilibrio entre alcance de protecci\u00f3n y sostenibilidad financiera.&nbsp;La estructura final responde a la realidad espec\u00edfica de cada cliente, no a formatos estandarizados. Interacci\u00f3n t\u00e9cnica con el mercado asegurador Actuamos como enlace t\u00e9cnico entre el cliente y el mercado asegurador, facilitando comunicaci\u00f3n estructurada, negociaci\u00f3n informada y decisiones fundadas. El acceso a distintas capacidades de mercado nos permite articular soluciones coherentes con la magnitud y complejidad de cada riesgo, manteniendo disciplina t\u00e9cnica en la evaluaci\u00f3n de l\u00edmites, condiciones y primas. Consistencia y seguimiento durante la vigencia La estructuraci\u00f3n del programa es solo el punto de partida. Durante su vigencia realizamos revisi\u00f3n t\u00e9cnica peri\u00f3dica de exposiciones, actualizaciones por crecimiento o modificaciones operativas y ajustes derivados de cambios regulatorios. Esta supervisi\u00f3n permite sostener coherencia entre la evoluci\u00f3n del negocio y la protecci\u00f3n contratada, evitando desalineaciones que puedan afectar continuidad o estabilidad financiera. Integraci\u00f3n con la gesti\u00f3n t\u00e9cnica de siniestros La correcta arquitectura del programa se complementa con una conducci\u00f3n t\u00e9cnica del proceso indemnizatorio cuando ocurre un evento. La coherencia entre dise\u00f1o y ejecuci\u00f3n es lo que permite que la protecci\u00f3n contratada opere conforme a lo previsto. Gloria C\u00e9spedes Ponce de Le\u00f3n Subgerente Comercial &#8211; Seguros Generales Estructuramos soluciones de seguros con criterio t\u00e9cnico y visi\u00f3n integral, alineadas con la continuidad y estabilidad de quienes conf\u00edan en nosotros.<\/p>\n","protected":false},"author":1,"featured_media":0,"parent":0,"menu_order":0,"comment_status":"closed","ping_status":"closed","template":"","meta":{"footnotes":""},"class_list":["post-46586","page","type-page","status-publish","hentry"],"_links":{"self":[{"href":"https:\/\/veritas.cl\/veritas\/wp-json\/wp\/v2\/pages\/46586","targetHints":{"allow":["GET"]}}],"collection":[{"href":"https:\/\/veritas.cl\/veritas\/wp-json\/wp\/v2\/pages"}],"about":[{"href":"https:\/\/veritas.cl\/veritas\/wp-json\/wp\/v2\/types\/page"}],"author":[{"embeddable":true,"href":"https:\/\/veritas.cl\/veritas\/wp-json\/wp\/v2\/users\/1"}],"replies":[{"embeddable":true,"href":"https:\/\/veritas.cl\/veritas\/wp-json\/wp\/v2\/comments?post=46586"}],"version-history":[{"count":347,"href":"https:\/\/veritas.cl\/veritas\/wp-json\/wp\/v2\/pages\/46586\/revisions"}],"predecessor-version":[{"id":62296,"href":"https:\/\/veritas.cl\/veritas\/wp-json\/wp\/v2\/pages\/46586\/revisions\/62296"}],"wp:attachment":[{"href":"https:\/\/veritas.cl\/veritas\/wp-json\/wp\/v2\/media?parent=46586"}],"curies":[{"name":"wp","href":"https:\/\/api.w.org\/{rel}","templated":true}]}}