{"id":46714,"date":"2025-08-14T21:44:11","date_gmt":"2025-08-14T21:44:11","guid":{"rendered":"https:\/\/veritas.cl\/veritas\/?page_id=46714"},"modified":"2026-03-19T15:21:19","modified_gmt":"2026-03-19T15:21:19","slug":"terminos-y-condiciones","status":"publish","type":"page","link":"https:\/\/veritas.cl\/veritas\/terminos-y-condiciones\/","title":{"rendered":"T\u00e9rminos y Condiciones"},"content":{"rendered":"\t\t<div data-elementor-type=\"wp-page\" data-elementor-id=\"46714\" class=\"elementor elementor-46714\" data-elementor-settings=\"{&quot;element_pack_global_tooltip_width&quot;:{&quot;unit&quot;:&quot;px&quot;,&quot;size&quot;:&quot;&quot;,&quot;sizes&quot;:[]},&quot;element_pack_global_tooltip_width_laptop&quot;:{&quot;unit&quot;:&quot;px&quot;,&quot;size&quot;:&quot;&quot;,&quot;sizes&quot;:[]},&quot;element_pack_global_tooltip_width_tablet&quot;:{&quot;unit&quot;:&quot;px&quot;,&quot;size&quot;:&quot;&quot;,&quot;sizes&quot;:[]},&quot;element_pack_global_tooltip_width_mobile&quot;:{&quot;unit&quot;:&quot;px&quot;,&quot;size&quot;:&quot;&quot;,&quot;sizes&quot;:[]},&quot;element_pack_global_tooltip_padding&quot;:{&quot;unit&quot;:&quot;px&quot;,&quot;top&quot;:&quot;&quot;,&quot;right&quot;:&quot;&quot;,&quot;bottom&quot;:&quot;&quot;,&quot;left&quot;:&quot;&quot;,&quot;isLinked&quot;:true},&quot;element_pack_global_tooltip_padding_laptop&quot;:{&quot;unit&quot;:&quot;px&quot;,&quot;top&quot;:&quot;&quot;,&quot;right&quot;:&quot;&quot;,&quot;bottom&quot;:&quot;&quot;,&quot;left&quot;:&quot;&quot;,&quot;isLinked&quot;:true},&quot;element_pack_global_tooltip_padding_tablet&quot;:{&quot;unit&quot;:&quot;px&quot;,&quot;top&quot;:&quot;&quot;,&quot;right&quot;:&quot;&quot;,&quot;bottom&quot;:&quot;&quot;,&quot;left&quot;:&quot;&quot;,&quot;isLinked&quot;:true},&quot;element_pack_global_tooltip_padding_mobile&quot;:{&quot;unit&quot;:&quot;px&quot;,&quot;top&quot;:&quot;&quot;,&quot;right&quot;:&quot;&quot;,&quot;bottom&quot;:&quot;&quot;,&quot;left&quot;:&quot;&quot;,&quot;isLinked&quot;:true},&quot;element_pack_global_tooltip_border_radius&quot;:{&quot;unit&quot;:&quot;px&quot;,&quot;top&quot;:&quot;&quot;,&quot;right&quot;:&quot;&quot;,&quot;bottom&quot;:&quot;&quot;,&quot;left&quot;:&quot;&quot;,&quot;isLinked&quot;:true},&quot;element_pack_global_tooltip_border_radius_laptop&quot;:{&quot;unit&quot;:&quot;px&quot;,&quot;top&quot;:&quot;&quot;,&quot;right&quot;:&quot;&quot;,&quot;bottom&quot;:&quot;&quot;,&quot;left&quot;:&quot;&quot;,&quot;isLinked&quot;:true},&quot;element_pack_global_tooltip_border_radius_tablet&quot;:{&quot;unit&quot;:&quot;px&quot;,&quot;top&quot;:&quot;&quot;,&quot;right&quot;:&quot;&quot;,&quot;bottom&quot;:&quot;&quot;,&quot;left&quot;:&quot;&quot;,&quot;isLinked&quot;:true},&quot;element_pack_global_tooltip_border_radius_mobile&quot;:{&quot;unit&quot;:&quot;px&quot;,&quot;top&quot;:&quot;&quot;,&quot;right&quot;:&quot;&quot;,&quot;bottom&quot;:&quot;&quot;,&quot;left&quot;:&quot;&quot;,&quot;isLinked&quot;:true}}\" data-elementor-post-type=\"page\">\n\t\t\t\t\t\t<section data-particle_enable=\"false\" data-particle-mobile-disabled=\"false\" class=\"elementor-section elementor-top-section elementor-element elementor-element-398b9a5 elementor-section-boxed elementor-section-height-default elementor-section-height-default wpr-particle-no wpr-jarallax-no wpr-parallax-no wpr-equal-height-no\" data-id=\"398b9a5\" data-element_type=\"section\" data-e-type=\"section\">\n\t\t\t\t\t\t<div class=\"elementor-container elementor-column-gap-default\">\n\t\t\t\t\t<div class=\"elementor-column elementor-col-100 elementor-top-column elementor-element elementor-element-62d8da4\" data-id=\"62d8da4\" data-element_type=\"column\" data-e-type=\"column\">\n\t\t\t<div class=\"elementor-widget-wrap elementor-element-populated\">\n\t\t\t\t\t\t<section data-particle_enable=\"false\" data-particle-mobile-disabled=\"false\" class=\"elementor-section elementor-inner-section elementor-element elementor-element-640c917 elementor-section-boxed elementor-section-height-default elementor-section-height-default wpr-particle-no wpr-jarallax-no wpr-parallax-no wpr-equal-height-no\" data-id=\"640c917\" data-element_type=\"section\" data-e-type=\"section\">\n\t\t\t\t\t\t<div class=\"elementor-container elementor-column-gap-wide\">\n\t\t\t\t\t<div class=\"elementor-column elementor-col-100 elementor-inner-column elementor-element elementor-element-6b539f9\" data-id=\"6b539f9\" data-element_type=\"column\" data-e-type=\"column\">\n\t\t\t<div class=\"elementor-widget-wrap elementor-element-populated\">\n\t\t\t\t\t\t<div class=\"elementor-element elementor-element-5bfa8f7 elementor-widget elementor-widget-heading\" data-id=\"5bfa8f7\" data-element_type=\"widget\" data-e-type=\"widget\" data-widget_type=\"heading.default\">\n\t\t\t\t<div class=\"elementor-widget-container\">\n\t\t\t\t\t<h2 class=\"elementor-heading-title elementor-size-default\">Sitio web de Veritas Vas<\/h2>\t\t\t\t<\/div>\n\t\t\t\t<\/div>\n\t\t\t\t<div class=\"elementor-element elementor-element-4a6c02f elementor-widget elementor-widget-heading\" data-id=\"4a6c02f\" data-element_type=\"widget\" data-e-type=\"widget\" data-widget_type=\"heading.default\">\n\t\t\t\t<div class=\"elementor-widget-container\">\n\t\t\t\t\t<h2 class=\"elementor-heading-title elementor-size-default\"> T\u00e9rminos y Condiciones de Uso<\/h2>\t\t\t\t<\/div>\n\t\t\t\t<\/div>\n\t\t\t\t<div class=\"elementor-element elementor-element-b644730 elementor-widget elementor-widget-text-editor\" data-id=\"b644730\" data-element_type=\"widget\" data-e-type=\"widget\" data-widget_type=\"text-editor.default\">\n\t\t\t\t<div class=\"elementor-widget-container\">\n\t\t\t\t\t\t\t\t\t<p>El presente documento regula el acceso y uso del sitio web de Veritas Corredores de Seguros S.A. (\u201cVeritas Vas\u201d), disponible e<span style=\"color: #000000;\">n <a id=\"menur1704\" class=\"fui-Link ___1q1shib f2hkw1w f3rmtva f1ewtqcl fyind8e f1k6fduh f1w7gpdv fk6fouc fjoy568 figsok6 f1s184ao f1mk8lai fnbmjn9 f1o700av f13mvf36 f1cmlufx f9n3di6 f1ids18y f1tx3yz7 f1deo86v f1eh06m1 f1iescvh fhgqx19 f1olyrje f1p93eir f1nev41a f1h8hb77 f1lqvz6u f10aw75t fsle3fq f17ae5zn\" style=\"color: #000000;\" title=\"http:\/\/www.veritas.cl\/\" href=\"http:\/\/www.veritas.cl\" target=\"_blank\" rel=\"noreferrer noopener\" aria-label=\"V\u00ednculo www.veritas.cl\">www.veritas.cl<\/a>. <\/span>Al navegar, acceder o utilizar este sitio, el usuario acepta estos t\u00e9rminos y condiciones, los que reflejan el marco de responsabilidad, transparencia y buen uso bajo el cual opera nuestra plataforma digital.<\/p>\t\t\t\t\t\t\t\t<\/div>\n\t\t\t\t<\/div>\n\t\t\t\t<div class=\"elementor-element elementor-element-a686b86 elementor-widget elementor-widget-heading\" data-id=\"a686b86\" data-element_type=\"widget\" data-e-type=\"widget\" data-widget_type=\"heading.default\">\n\t\t\t\t<div class=\"elementor-widget-container\">\n\t\t\t\t\t<h2 class=\"elementor-heading-title elementor-size-default\">1. Alcance y aceptaci\u00f3n<\/h2>\t\t\t\t<\/div>\n\t\t\t\t<\/div>\n\t\t\t\t<div class=\"elementor-element elementor-element-44a0563 elementor-widget elementor-widget-text-editor\" data-id=\"44a0563\" data-element_type=\"widget\" data-e-type=\"widget\" data-widget_type=\"text-editor.default\">\n\t\t\t\t<div class=\"elementor-widget-container\">\n\t\t\t\t\t\t\t\t\t<p><span data-teams=\"true\">El uso de este sitio implica la aceptaci\u00f3n expresa de las condiciones aqu\u00ed descritas. Si el usuario no est\u00e1 de acuerdo con ellas, debe abstenerse de utilizar la informaci\u00f3n y los servicios disponibles en este espacio digital. Veritas Vas podr\u00e1 actualizar estos t\u00e9rminos conforme a la normativa vigente, publicando cualquier modificaci\u00f3n en esta misma secci\u00f3n.<\/span><\/p>\t\t\t\t\t\t\t\t<\/div>\n\t\t\t\t<\/div>\n\t\t\t\t<div class=\"elementor-element elementor-element-7c9840d elementor-widget elementor-widget-heading\" data-id=\"7c9840d\" data-element_type=\"widget\" data-e-type=\"widget\" data-widget_type=\"heading.default\">\n\t\t\t\t<div class=\"elementor-widget-container\">\n\t\t\t\t\t<h2 class=\"elementor-heading-title elementor-size-default\">2.\tDefiniciones<\/h2>\t\t\t\t<\/div>\n\t\t\t\t<\/div>\n\t\t\t\t<div class=\"elementor-element elementor-element-51e8a40 elementor-widget elementor-widget-text-editor\" data-id=\"51e8a40\" data-element_type=\"widget\" data-e-type=\"widget\" data-widget_type=\"text-editor.default\">\n\t\t\t\t<div class=\"elementor-widget-container\">\n\t\t\t\t\t\t\t\t\t<p><span data-teams=\"true\">Para efectos de estos t\u00e9rminos:<\/span><\/p>\t\t\t\t\t\t\t\t<\/div>\n\t\t\t\t<\/div>\n\t\t\t\t<div class=\"elementor-element elementor-element-de878c7 elementor-widget elementor-widget-text-editor\" data-id=\"de878c7\" data-element_type=\"widget\" data-e-type=\"widget\" data-widget_type=\"text-editor.default\">\n\t\t\t\t<div class=\"elementor-widget-container\">\n\t\t\t\t\t\t\t\t\t<ul><li>Sitio: el portal <span style=\"color: #000000;\"><a id=\"menur1706\" class=\"fui-Link ___1q1shib f2hkw1w f3rmtva f1ewtqcl fyind8e f1k6fduh f1w7gpdv fk6fouc fjoy568 figsok6 f1s184ao f1mk8lai fnbmjn9 f1o700av f13mvf36 f1cmlufx f9n3di6 f1ids18y f1tx3yz7 f1deo86v f1eh06m1 f1iescvh fhgqx19 f1olyrje f1p93eir f1nev41a f1h8hb77 f1lqvz6u f10aw75t fsle3fq f17ae5zn\" style=\"color: #000000;\" title=\"http:\/\/www.veritas.cl\/\" href=\"http:\/\/www.veritas.cl\" target=\"_blank\" rel=\"noreferrer noopener\" aria-label=\"V\u00ednculo www.veritas.cl\">www.veritas.cl<\/a> <\/span>y todos sus contenidos.<\/li><li>Usuario: toda persona que accede o navega por el sitio.<\/li><li>Contenido: textos, im\u00e1genes, gr\u00e1ficos, logotipos, archivos y cualquier material disponible en el sitio.<\/li><li>Veritas Vas: Veritas Corredores de Seguros S.A., incluyendo sus representantes y colaboradores.<\/li><li>Terceros: personas naturales o jur\u00eddicas distintas de Veritas Vas y del usuario.<\/li><\/ul>\t\t\t\t\t\t\t\t<\/div>\n\t\t\t\t<\/div>\n\t\t\t\t<div class=\"elementor-element elementor-element-e4fa6ed elementor-widget elementor-widget-heading\" data-id=\"e4fa6ed\" data-element_type=\"widget\" data-e-type=\"widget\" data-widget_type=\"heading.default\">\n\t\t\t\t<div class=\"elementor-widget-container\">\n\t\t\t\t\t<h2 class=\"elementor-heading-title elementor-size-default\">3.\tUso del sitio y del contenido<\/h2>\t\t\t\t<\/div>\n\t\t\t\t<\/div>\n\t\t\t\t<div class=\"elementor-element elementor-element-bfb862d elementor-widget elementor-widget-text-editor\" data-id=\"bfb862d\" data-element_type=\"widget\" data-e-type=\"widget\" data-widget_type=\"text-editor.default\">\n\t\t\t\t<div class=\"elementor-widget-container\">\n\t\t\t\t\t\t\t\t\t<p>Veritas Vas otorga al usuario una autorizaci\u00f3n limitada, no exclusiva y revocable para visualizar, descargar o imprimir contenidos del sitio \u00fanicamente para fines personales y no comerciales.<\/p><p>El usuario se compromete a utilizar el sitio de manera l\u00edcita, responsable y de buena fe, absteni\u00e9ndose de cualquier conducta que pueda afectar su funcionamiento, seguridad o integridad.<\/p><p>Todos los contenidos est\u00e1n protegidos por derechos de propiedad intelectual. Su reproducci\u00f3n, distribuci\u00f3n, modificaci\u00f3n o explotaci\u00f3n, total o parcial, requiere autorizaci\u00f3n previa y por escrito de Veritas Vas.<\/p><p>Se proh\u00edbe expresamente:<\/p>\t\t\t\t\t\t\t\t<\/div>\n\t\t\t\t<\/div>\n\t\t\t\t<div class=\"elementor-element elementor-element-e35972f elementor-widget elementor-widget-text-editor\" data-id=\"e35972f\" data-element_type=\"widget\" data-e-type=\"widget\" data-widget_type=\"text-editor.default\">\n\t\t\t\t<div class=\"elementor-widget-container\">\n\t\t\t\t\t\t\t\t\t<ul><li>Utilizar el sitio para fines il\u00edcitos o fraudulentos.<\/li><li>Usar herramientas autom\u00e1ticas para extraer informaci\u00f3n o interferir con su funcionamiento.<\/li><li>Crear enlaces que sugieran relaci\u00f3n, patrocinio o asociaci\u00f3n con Veritas Vas sin autorizaci\u00f3n.<\/li><\/ul>\t\t\t\t\t\t\t\t<\/div>\n\t\t\t\t<\/div>\n\t\t\t\t<div class=\"elementor-element elementor-element-493cc4d elementor-widget elementor-widget-text-editor\" data-id=\"493cc4d\" data-element_type=\"widget\" data-e-type=\"widget\" data-widget_type=\"text-editor.default\">\n\t\t\t\t<div class=\"elementor-widget-container\">\n\t\t\t\t\t\t\t\t\t<p>Veritas Vas podr\u00e1 restringir o suspender el acceso al sitio en caso de uso indebido.<\/p>\t\t\t\t\t\t\t\t<\/div>\n\t\t\t\t<\/div>\n\t\t\t\t<div class=\"elementor-element elementor-element-e84c371 elementor-widget elementor-widget-heading\" data-id=\"e84c371\" data-element_type=\"widget\" data-e-type=\"widget\" data-widget_type=\"heading.default\">\n\t\t\t\t<div class=\"elementor-widget-container\">\n\t\t\t\t\t<h2 class=\"elementor-heading-title elementor-size-default\">4. Car\u00e1cter informativo y limitaci\u00f3n de responsabilidad<\/h2>\t\t\t\t<\/div>\n\t\t\t\t<\/div>\n\t\t\t\t<div class=\"elementor-element elementor-element-07a033b elementor-widget elementor-widget-text-editor\" data-id=\"07a033b\" data-element_type=\"widget\" data-e-type=\"widget\" data-widget_type=\"text-editor.default\">\n\t\t\t\t<div class=\"elementor-widget-container\">\n\t\t\t\t\t\t\t\t\t<p>El contenido del sitio tiene un car\u00e1cter exclusivamente informativo y referencial. No constituye una oferta, recomendaci\u00f3n ni asesor\u00eda en materia de seguros, financiera, legal o de salud.<\/p><p>No garantizamos la exactitud, vigencia o integridad de la informaci\u00f3n publicada y no asume responsabilidad por decisiones adoptadas sobre la base de su uso.<\/p><p>El sitio puede contener enlaces a sitios de terceros, los cuales se incluyen \u00fanicamente con fines informativos, no controlamos ni respondemos por el contenidos o disponibilidad de los sitios de terceros.<\/p>\t\t\t\t\t\t\t\t<\/div>\n\t\t\t\t<\/div>\n\t\t\t\t<div class=\"elementor-element elementor-element-7fc215b elementor-widget elementor-widget-heading\" data-id=\"7fc215b\" data-element_type=\"widget\" data-e-type=\"widget\" data-widget_type=\"heading.default\">\n\t\t\t\t<div class=\"elementor-widget-container\">\n\t\t\t\t\t<h2 class=\"elementor-heading-title elementor-size-default\">5.\t Seguridad y privacidad<\/h2>\t\t\t\t<\/div>\n\t\t\t\t<\/div>\n\t\t\t\t<div class=\"elementor-element elementor-element-700ce52 elementor-widget elementor-widget-text-editor\" data-id=\"700ce52\" data-element_type=\"widget\" data-e-type=\"widget\" data-widget_type=\"text-editor.default\">\n\t\t\t\t<div class=\"elementor-widget-container\">\n\t\t\t\t\t\t\t\t\t<p>Adoptamos medidas razonables para proteger la informaci\u00f3n y la operaci\u00f3n del sitio, conforme a la Ley N.\u00ba 19.628 sobre Protecci\u00f3n de la Vida Privada. El tratamiento de los datos personales se rige por nuestra <span style=\"color: #000000;\"><a style=\"color: #000000;\" href=\"https:\/\/veritas.cl\/veritas\/politica-de-privacidad-v2\/\">Pol\u00edtica de Privacidad<\/a>,<\/span> disponible en este mismo sitio.<\/p>\t\t\t\t\t\t\t\t<\/div>\n\t\t\t\t<\/div>\n\t\t\t\t<div class=\"elementor-element elementor-element-b113132 elementor-widget elementor-widget-heading\" data-id=\"b113132\" data-element_type=\"widget\" data-e-type=\"widget\" data-widget_type=\"heading.default\">\n\t\t\t\t<div class=\"elementor-widget-container\">\n\t\t\t\t\t<h2 class=\"elementor-heading-title elementor-size-default\">6.\tModificaciones<\/h2>\t\t\t\t<\/div>\n\t\t\t\t<\/div>\n\t\t\t\t<div class=\"elementor-element elementor-element-13cf239 elementor-widget elementor-widget-text-editor\" data-id=\"13cf239\" data-element_type=\"widget\" data-e-type=\"widget\" data-widget_type=\"text-editor.default\">\n\t\t\t\t<div class=\"elementor-widget-container\">\n\t\t\t\t\t\t\t\t\t<p><span data-teams=\"true\">Estos t\u00e9rminos podr\u00e1n ser actualizados en cualquier momento. Las modificaciones ser\u00e1n publicadas en esta secci\u00f3n y entrar\u00e1n en vigencia desde su publicaci\u00f3n.<\/span><\/p>\t\t\t\t\t\t\t\t<\/div>\n\t\t\t\t<\/div>\n\t\t\t\t<div class=\"elementor-element elementor-element-eb510fc elementor-widget elementor-widget-heading\" data-id=\"eb510fc\" data-element_type=\"widget\" data-e-type=\"widget\" data-widget_type=\"heading.default\">\n\t\t\t\t<div class=\"elementor-widget-container\">\n\t\t\t\t\t<h2 class=\"elementor-heading-title elementor-size-default\">7. Legislaci\u00f3n aplicable y jurisdicci\u00f3n<\/h2>\t\t\t\t<\/div>\n\t\t\t\t<\/div>\n\t\t\t\t<div class=\"elementor-element elementor-element-f048117 elementor-widget elementor-widget-text-editor\" data-id=\"f048117\" data-element_type=\"widget\" data-e-type=\"widget\" data-widget_type=\"text-editor.default\">\n\t\t\t\t<div class=\"elementor-widget-container\">\n\t\t\t\t\t\t\t\t\t<p>Estos t\u00e9rminos se rigen por las leyes de la Rep\u00fablica de Chile. Cualquier controversia ser\u00e1 sometida a los tribunales competentes de Santiago.<\/p>\t\t\t\t\t\t\t\t<\/div>\n\t\t\t\t<\/div>\n\t\t\t\t<div class=\"elementor-element elementor-element-e275553 elementor-widget elementor-widget-heading\" data-id=\"e275553\" data-element_type=\"widget\" data-e-type=\"widget\" data-widget_type=\"heading.default\">\n\t\t\t\t<div class=\"elementor-widget-container\">\n\t\t\t\t\t<h2 class=\"elementor-heading-title elementor-size-default\">8.\t Contacto<\/h2>\t\t\t\t<\/div>\n\t\t\t\t<\/div>\n\t\t\t\t<div class=\"elementor-element elementor-element-809699c elementor-widget elementor-widget-text-editor\" data-id=\"809699c\" data-element_type=\"widget\" data-e-type=\"widget\" data-widget_type=\"text-editor.default\">\n\t\t\t\t<div class=\"elementor-widget-container\">\n\t\t\t\t\t\t\t\t\t<p>Para consultas sobre estos t\u00e9rminos, puede escribirnos a <span style=\"color: #000000;\"><a style=\"color: #000000;\" href=\"mailto:contacto@veritas.cl\">contacto@veritas.cl<\/a> o<\/span> utilizar los canales de atenci\u00f3n disponibles en el sitio.<\/p>\t\t\t\t\t\t\t\t<\/div>\n\t\t\t\t<\/div>\n\t\t\t\t<div class=\"elementor-element elementor-element-f28c0f7 elementor-widget elementor-widget-heading\" data-id=\"f28c0f7\" data-element_type=\"widget\" data-e-type=\"widget\" data-widget_type=\"heading.default\">\n\t\t\t\t<div class=\"elementor-widget-container\">\n\t\t\t\t\t<h2 class=\"elementor-heading-title elementor-size-default\">9. Propiedad intelectual<\/h2>\t\t\t\t<\/div>\n\t\t\t\t<\/div>\n\t\t\t\t<div class=\"elementor-element elementor-element-ceea0c6 elementor-widget elementor-widget-text-editor\" data-id=\"ceea0c6\" data-element_type=\"widget\" data-e-type=\"widget\" data-widget_type=\"text-editor.default\">\n\t\t\t\t<div class=\"elementor-widget-container\">\n\t\t\t\t\t\t\t\t\t<p><span data-teams=\"true\">Todos los contenidos de este sitio est\u00e1n protegidos por las leyes de propiedad intelectual e industrial. Se proh\u00edbe cualquier uso no autorizado, as\u00ed como la incorporaci\u00f3n de material ilegal, ofensivo o contrario a la ley.<\/span><\/p>\t\t\t\t\t\t\t\t<\/div>\n\t\t\t\t<\/div>\n\t\t\t\t<div class=\"elementor-element elementor-element-0dbbd6f elementor-widget elementor-widget-heading\" data-id=\"0dbbd6f\" data-element_type=\"widget\" data-e-type=\"widget\" data-widget_type=\"heading.default\">\n\t\t\t\t<div class=\"elementor-widget-container\">\n\t\t\t\t\t<h2 class=\"elementor-heading-title elementor-size-default\">10. Usuarios internacionales<\/h2>\t\t\t\t<\/div>\n\t\t\t\t<\/div>\n\t\t\t\t<div class=\"elementor-element elementor-element-44fd071 elementor-widget elementor-widget-text-editor\" data-id=\"44fd071\" data-element_type=\"widget\" data-e-type=\"widget\" data-widget_type=\"text-editor.default\">\n\t\t\t\t<div class=\"elementor-widget-container\">\n\t\t\t\t\t\t\t\t\t<p><span data-teams=\"true\">El sitio es operado desde Chile. Quienes accedan desde otros pa\u00edses lo hacen bajo su propia responsabilidad y deben cumplir con la legislaci\u00f3n chilena aplicable.<\/span><\/p>\t\t\t\t\t\t\t\t<\/div>\n\t\t\t\t<\/div>\n\t\t\t\t\t<\/div>\n\t\t<\/div>\n\t\t\t\t\t<\/div>\n\t\t<\/section>\n\t\t\t\t\t<\/div>\n\t\t<\/div>\n\t\t\t\t\t<\/div>\n\t\t<\/section>\n\t\t\t\t<\/div>\n\t\t","protected":false},"excerpt":{"rendered":"<p>Sitio web de Veritas Vas T\u00e9rminos y Condiciones de Uso El presente documento regula el acceso y uso del sitio web de Veritas Corredores de Seguros S.A. (\u201cVeritas Vas\u201d), disponible en www.veritas.cl. Al navegar, acceder o utilizar este sitio, el usuario acepta estos t\u00e9rminos y condiciones, los que reflejan el marco de responsabilidad, transparencia y buen uso bajo el cual opera nuestra plataforma digital. 1. Alcance y aceptaci\u00f3n El uso de este sitio implica la aceptaci\u00f3n expresa de las condiciones aqu\u00ed descritas. Si el usuario no est\u00e1 de acuerdo con ellas, debe abstenerse de utilizar la informaci\u00f3n y los servicios disponibles en este espacio digital. Veritas Vas podr\u00e1 actualizar estos t\u00e9rminos conforme a la normativa vigente, publicando cualquier modificaci\u00f3n en esta misma secci\u00f3n. 2. Definiciones Para efectos de estos t\u00e9rminos: Sitio: el portal www.veritas.cl y todos sus contenidos. Usuario: toda persona que accede o navega por el sitio. Contenido: textos, im\u00e1genes, gr\u00e1ficos, logotipos, archivos y cualquier material disponible en el sitio. Veritas Vas: Veritas Corredores de Seguros S.A., incluyendo sus representantes y colaboradores. Terceros: personas naturales o jur\u00eddicas distintas de Veritas Vas y del usuario. 3. Uso del sitio y del contenido Veritas Vas otorga al usuario una autorizaci\u00f3n limitada, no exclusiva y revocable para visualizar, descargar o imprimir contenidos del sitio \u00fanicamente para fines personales y no comerciales. El usuario se compromete a utilizar el sitio de manera l\u00edcita, responsable y de buena fe, absteni\u00e9ndose de cualquier conducta que pueda afectar su funcionamiento, seguridad o integridad. Todos los contenidos est\u00e1n protegidos por derechos de propiedad intelectual. Su reproducci\u00f3n, distribuci\u00f3n, modificaci\u00f3n o explotaci\u00f3n, total o parcial, requiere autorizaci\u00f3n previa y por escrito de Veritas Vas. Se proh\u00edbe expresamente: Utilizar el sitio para fines il\u00edcitos o fraudulentos. Usar herramientas autom\u00e1ticas para extraer informaci\u00f3n o interferir con su funcionamiento. Crear enlaces que sugieran relaci\u00f3n, patrocinio o asociaci\u00f3n con Veritas Vas sin autorizaci\u00f3n. Veritas Vas podr\u00e1 restringir o suspender el acceso al sitio en caso de uso indebido. 4. Car\u00e1cter informativo y limitaci\u00f3n de responsabilidad El contenido del sitio tiene un car\u00e1cter exclusivamente informativo y referencial. No constituye una oferta, recomendaci\u00f3n ni asesor\u00eda en materia de seguros, financiera, legal o de salud. No garantizamos la exactitud, vigencia o integridad de la informaci\u00f3n publicada y no asume responsabilidad por decisiones adoptadas sobre la base de su uso. El sitio puede contener enlaces a sitios de terceros, los cuales se incluyen \u00fanicamente con fines informativos, no controlamos ni respondemos por el contenidos o disponibilidad de los sitios de terceros. 5. Seguridad y privacidad Adoptamos medidas razonables para proteger la informaci\u00f3n y la operaci\u00f3n del sitio, conforme a la Ley N.\u00ba 19.628 sobre Protecci\u00f3n de la Vida Privada. El tratamiento de los datos personales se rige por nuestra Pol\u00edtica de Privacidad, disponible en este mismo sitio. 6. Modificaciones Estos t\u00e9rminos podr\u00e1n ser actualizados en cualquier momento. Las modificaciones ser\u00e1n publicadas en esta secci\u00f3n y entrar\u00e1n en vigencia desde su publicaci\u00f3n. 7. Legislaci\u00f3n aplicable y jurisdicci\u00f3n Estos t\u00e9rminos se rigen por las leyes de la Rep\u00fablica de Chile. Cualquier controversia ser\u00e1 sometida a los tribunales competentes de Santiago. 8. Contacto Para consultas sobre estos t\u00e9rminos, puede escribirnos a contacto@veritas.cl o utilizar los canales de atenci\u00f3n disponibles en el sitio. 9. Propiedad intelectual Todos los contenidos de este sitio est\u00e1n protegidos por las leyes de propiedad intelectual e industrial. Se proh\u00edbe cualquier uso no autorizado, as\u00ed como la incorporaci\u00f3n de material ilegal, ofensivo o contrario a la ley. 10. Usuarios internacionales El sitio es operado desde Chile. Quienes accedan desde otros pa\u00edses lo hacen bajo su propia responsabilidad y deben cumplir con la legislaci\u00f3n chilena aplicable.<\/p>\n","protected":false},"author":1,"featured_media":0,"parent":0,"menu_order":0,"comment_status":"closed","ping_status":"closed","template":"","meta":{"footnotes":""},"class_list":["post-46714","page","type-page","status-publish","hentry"],"_links":{"self":[{"href":"https:\/\/veritas.cl\/veritas\/wp-json\/wp\/v2\/pages\/46714","targetHints":{"allow":["GET"]}}],"collection":[{"href":"https:\/\/veritas.cl\/veritas\/wp-json\/wp\/v2\/pages"}],"about":[{"href":"https:\/\/veritas.cl\/veritas\/wp-json\/wp\/v2\/types\/page"}],"author":[{"embeddable":true,"href":"https:\/\/veritas.cl\/veritas\/wp-json\/wp\/v2\/users\/1"}],"replies":[{"embeddable":true,"href":"https:\/\/veritas.cl\/veritas\/wp-json\/wp\/v2\/comments?post=46714"}],"version-history":[{"count":55,"href":"https:\/\/veritas.cl\/veritas\/wp-json\/wp\/v2\/pages\/46714\/revisions"}],"predecessor-version":[{"id":62205,"href":"https:\/\/veritas.cl\/veritas\/wp-json\/wp\/v2\/pages\/46714\/revisions\/62205"}],"wp:attachment":[{"href":"https:\/\/veritas.cl\/veritas\/wp-json\/wp\/v2\/media?parent=46714"}],"curies":[{"name":"wp","href":"https:\/\/api.w.org\/{rel}","templated":true}]}}