{"id":46789,"date":"2025-08-18T16:37:25","date_gmt":"2025-08-18T16:37:25","guid":{"rendered":"https:\/\/veritas.cl\/veritas\/?page_id=46789"},"modified":"2026-03-20T17:16:09","modified_gmt":"2026-03-20T17:16:09","slug":"equipo-movil","status":"publish","type":"page","link":"https:\/\/veritas.cl\/veritas\/equipo-movil\/","title":{"rendered":"Equipo m\u00f3vil"},"content":{"rendered":"\t\t<div data-elementor-type=\"wp-page\" data-elementor-id=\"46789\" class=\"elementor elementor-46789\" data-elementor-settings=\"{&quot;element_pack_global_tooltip_width&quot;:{&quot;unit&quot;:&quot;px&quot;,&quot;size&quot;:&quot;&quot;,&quot;sizes&quot;:[]},&quot;element_pack_global_tooltip_width_laptop&quot;:{&quot;unit&quot;:&quot;px&quot;,&quot;size&quot;:&quot;&quot;,&quot;sizes&quot;:[]},&quot;element_pack_global_tooltip_width_tablet&quot;:{&quot;unit&quot;:&quot;px&quot;,&quot;size&quot;:&quot;&quot;,&quot;sizes&quot;:[]},&quot;element_pack_global_tooltip_width_mobile&quot;:{&quot;unit&quot;:&quot;px&quot;,&quot;size&quot;:&quot;&quot;,&quot;sizes&quot;:[]},&quot;element_pack_global_tooltip_padding&quot;:{&quot;unit&quot;:&quot;px&quot;,&quot;top&quot;:&quot;&quot;,&quot;right&quot;:&quot;&quot;,&quot;bottom&quot;:&quot;&quot;,&quot;left&quot;:&quot;&quot;,&quot;isLinked&quot;:true},&quot;element_pack_global_tooltip_padding_laptop&quot;:{&quot;unit&quot;:&quot;px&quot;,&quot;top&quot;:&quot;&quot;,&quot;right&quot;:&quot;&quot;,&quot;bottom&quot;:&quot;&quot;,&quot;left&quot;:&quot;&quot;,&quot;isLinked&quot;:true},&quot;element_pack_global_tooltip_padding_tablet&quot;:{&quot;unit&quot;:&quot;px&quot;,&quot;top&quot;:&quot;&quot;,&quot;right&quot;:&quot;&quot;,&quot;bottom&quot;:&quot;&quot;,&quot;left&quot;:&quot;&quot;,&quot;isLinked&quot;:true},&quot;element_pack_global_tooltip_padding_mobile&quot;:{&quot;unit&quot;:&quot;px&quot;,&quot;top&quot;:&quot;&quot;,&quot;right&quot;:&quot;&quot;,&quot;bottom&quot;:&quot;&quot;,&quot;left&quot;:&quot;&quot;,&quot;isLinked&quot;:true},&quot;element_pack_global_tooltip_border_radius&quot;:{&quot;unit&quot;:&quot;px&quot;,&quot;top&quot;:&quot;&quot;,&quot;right&quot;:&quot;&quot;,&quot;bottom&quot;:&quot;&quot;,&quot;left&quot;:&quot;&quot;,&quot;isLinked&quot;:true},&quot;element_pack_global_tooltip_border_radius_laptop&quot;:{&quot;unit&quot;:&quot;px&quot;,&quot;top&quot;:&quot;&quot;,&quot;right&quot;:&quot;&quot;,&quot;bottom&quot;:&quot;&quot;,&quot;left&quot;:&quot;&quot;,&quot;isLinked&quot;:true},&quot;element_pack_global_tooltip_border_radius_tablet&quot;:{&quot;unit&quot;:&quot;px&quot;,&quot;top&quot;:&quot;&quot;,&quot;right&quot;:&quot;&quot;,&quot;bottom&quot;:&quot;&quot;,&quot;left&quot;:&quot;&quot;,&quot;isLinked&quot;:true},&quot;element_pack_global_tooltip_border_radius_mobile&quot;:{&quot;unit&quot;:&quot;px&quot;,&quot;top&quot;:&quot;&quot;,&quot;right&quot;:&quot;&quot;,&quot;bottom&quot;:&quot;&quot;,&quot;left&quot;:&quot;&quot;,&quot;isLinked&quot;:true}}\" data-elementor-post-type=\"page\">\n\t\t\t\t<div data-particle_enable=\"false\" data-particle-mobile-disabled=\"false\" class=\"elementor-element elementor-element-1215205 e-flex e-con-boxed wpr-particle-no wpr-jarallax-no wpr-parallax-no wpr-equal-height-no e-con e-parent\" data-id=\"1215205\" data-element_type=\"container\" data-e-type=\"container\" data-settings=\"{&quot;background_background&quot;:&quot;classic&quot;}\">\n\t\t\t\t\t<div class=\"e-con-inner\">\n\t\t\t\t<div class=\"elementor-element elementor-element-1141788 elementor-widget elementor-widget-heading\" data-id=\"1141788\" data-element_type=\"widget\" data-e-type=\"widget\" data-widget_type=\"heading.default\">\n\t\t\t\t<div class=\"elementor-widget-container\">\n\t\t\t\t\t<h2 class=\"elementor-heading-title elementor-size-default\">Gesti\u00f3n estructural de equipos m\u00f3viles en operaci\u00f3n<\/h2>\t\t\t\t<\/div>\n\t\t\t\t<\/div>\n\t\t\t\t<div class=\"elementor-element elementor-element-3a7ed896 elementor-widget elementor-widget-heading\" data-id=\"3a7ed896\" data-element_type=\"widget\" data-e-type=\"widget\" data-widget_type=\"heading.default\">\n\t\t\t\t<div class=\"elementor-widget-container\">\n\t\t\t\t\t<h2 class=\"elementor-heading-title elementor-size-default\">Equipo M\u00f3vil<\/h2>\t\t\t\t<\/div>\n\t\t\t\t<\/div>\n\t\t\t\t\t<\/div>\n\t\t\t\t<\/div>\n\t\t\t\t<section data-particle_enable=\"false\" data-particle-mobile-disabled=\"false\" class=\"elementor-section elementor-top-section elementor-element elementor-element-d7d4e37 elementor-section-boxed elementor-section-height-default elementor-section-height-default wpr-particle-no wpr-jarallax-no wpr-parallax-no wpr-equal-height-no\" data-id=\"d7d4e37\" data-element_type=\"section\" data-e-type=\"section\">\n\t\t\t\t\t\t<div class=\"elementor-container elementor-column-gap-default\">\n\t\t\t\t\t<div class=\"elementor-column elementor-col-100 elementor-top-column elementor-element elementor-element-597855a\" data-id=\"597855a\" data-element_type=\"column\" data-e-type=\"column\">\n\t\t\t<div class=\"elementor-widget-wrap elementor-element-populated\">\n\t\t\t\t\t\t<section data-particle_enable=\"false\" data-particle-mobile-disabled=\"false\" class=\"elementor-section elementor-inner-section elementor-element elementor-element-762a26a elementor-section-boxed elementor-section-height-default elementor-section-height-default wpr-particle-no wpr-jarallax-no wpr-parallax-no wpr-equal-height-no\" data-id=\"762a26a\" data-element_type=\"section\" data-e-type=\"section\">\n\t\t\t\t\t\t<div class=\"elementor-container elementor-column-gap-wide\">\n\t\t\t\t\t<div class=\"elementor-column elementor-col-100 elementor-inner-column elementor-element elementor-element-68731d1\" data-id=\"68731d1\" data-element_type=\"column\" data-e-type=\"column\">\n\t\t\t<div class=\"elementor-widget-wrap elementor-element-populated\">\n\t\t\t\t\t\t<div class=\"elementor-element elementor-element-8af959c elementor-widget elementor-widget-text-editor\" data-id=\"8af959c\" data-element_type=\"widget\" data-e-type=\"widget\" data-widget_type=\"text-editor.default\">\n\t\t\t\t<div class=\"elementor-widget-container\">\n\t\t\t\t\t\t\t\t\t<p>La operaci\u00f3n de maquinaria pesada y equipos m\u00f3viles expone activos cr\u00edticos a riesgos que pueden afectar disponibilidad, productividad y continuidad del negocio. Su aseguramiento exige comprensi\u00f3n t\u00e9cnica del entorno operativo y de los valores en juego.<\/p>\t\t\t\t\t\t\t\t<\/div>\n\t\t\t\t<\/div>\n\t\t\t\t\t<\/div>\n\t\t<\/div>\n\t\t\t\t\t<\/div>\n\t\t<\/section>\n\t\t\t\t\t<\/div>\n\t\t<\/div>\n\t\t\t\t\t<\/div>\n\t\t<\/section>\n\t\t\t\t<section data-particle_enable=\"false\" data-particle-mobile-disabled=\"false\" class=\"elementor-section elementor-top-section elementor-element elementor-element-962a588 elementor-section-boxed elementor-section-height-default elementor-section-height-default wpr-particle-no wpr-jarallax-no wpr-parallax-no wpr-equal-height-no\" data-id=\"962a588\" data-element_type=\"section\" data-e-type=\"section\">\n\t\t\t\t\t\t<div class=\"elementor-container elementor-column-gap-default\">\n\t\t\t\t\t<div class=\"elementor-column elementor-col-100 elementor-top-column elementor-element elementor-element-8b44547\" data-id=\"8b44547\" data-element_type=\"column\" data-e-type=\"column\">\n\t\t\t<div class=\"elementor-widget-wrap elementor-element-populated\">\n\t\t\t\t\t\t<section data-particle_enable=\"false\" data-particle-mobile-disabled=\"false\" class=\"elementor-section elementor-inner-section elementor-element elementor-element-a204566 elementor-section-boxed elementor-section-height-default elementor-section-height-default wpr-particle-no wpr-jarallax-no wpr-parallax-no wpr-equal-height-no\" data-id=\"a204566\" data-element_type=\"section\" data-e-type=\"section\">\n\t\t\t\t\t\t<div class=\"elementor-container elementor-column-gap-wide\">\n\t\t\t\t\t<div class=\"elementor-column elementor-col-100 elementor-inner-column elementor-element elementor-element-c848981\" data-id=\"c848981\" data-element_type=\"column\" data-e-type=\"column\">\n\t\t\t<div class=\"elementor-widget-wrap elementor-element-populated\">\n\t\t\t\t\t\t<div class=\"elementor-element elementor-element-12166d0 elementor-widget elementor-widget-heading\" data-id=\"12166d0\" data-element_type=\"widget\" data-e-type=\"widget\" data-widget_type=\"heading.default\">\n\t\t\t\t<div class=\"elementor-widget-container\">\n\t\t\t\t\t<h2 class=\"elementor-heading-title elementor-size-default\">Exposici\u00f3n y naturaleza del riesgo<\/h2>\t\t\t\t<\/div>\n\t\t\t\t<\/div>\n\t\t\t\t<div class=\"elementor-element elementor-element-342cee3 elementor-widget elementor-widget-text-editor\" data-id=\"342cee3\" data-element_type=\"widget\" data-e-type=\"widget\" data-widget_type=\"text-editor.default\">\n\t\t\t\t<div class=\"elementor-widget-container\">\n\t\t\t\t\t\t\t\t\t<p>En industrias como miner\u00eda, construcci\u00f3n, infraestructura y obras civiles, los equipos m\u00f3viles operan en condiciones de alta exigencia t\u00e9cnica y permanente movimiento. Vuelcos, colisiones, impactos, incendios, robo o eventos de origen natural pueden comprometer tanto el activo como la continuidad de la faena.<\/p><p>Estas exposiciones se intensifican cuando intervienen contratistas, subcontratistas y m\u00faltiples frentes de trabajo, donde la interacci\u00f3n operativa incrementa la probabilidad de incidentes con impacto patrimonial y contractual.<\/p>\t\t\t\t\t\t\t\t<\/div>\n\t\t\t\t<\/div>\n\t\t\t\t\t<\/div>\n\t\t<\/div>\n\t\t\t\t\t<\/div>\n\t\t<\/section>\n\t\t\t\t\t<\/div>\n\t\t<\/div>\n\t\t\t\t\t<\/div>\n\t\t<\/section>\n\t\t<div data-particle_enable=\"false\" data-particle-mobile-disabled=\"false\" class=\"elementor-element elementor-element-40fb0dd e-flex e-con-boxed wpr-particle-no wpr-jarallax-no wpr-parallax-no wpr-equal-height-no e-con e-parent\" data-id=\"40fb0dd\" data-element_type=\"container\" data-e-type=\"container\">\n\t\t\t\t\t<div class=\"e-con-inner\">\n\t\t<div data-particle_enable=\"false\" data-particle-mobile-disabled=\"false\" class=\"elementor-element elementor-element-7a8c1394 e-con-full e-flex wpr-particle-no wpr-jarallax-no wpr-parallax-no wpr-equal-height-no e-con e-child\" data-id=\"7a8c1394\" data-element_type=\"container\" data-e-type=\"container\">\n\t\t\t\t<div class=\"elementor-element elementor-element-28f771ac elementor-widget elementor-widget-heading\" data-id=\"28f771ac\" data-element_type=\"widget\" data-e-type=\"widget\" data-widget_type=\"heading.default\">\n\t\t\t\t<div class=\"elementor-widget-container\">\n\t\t\t\t\t<h2 class=\"elementor-heading-title elementor-size-default\">Estructuraci\u00f3n t\u00e9cnica del programa<\/h2>\t\t\t\t<\/div>\n\t\t\t\t<\/div>\n\t\t\t\t<div class=\"elementor-element elementor-element-c170e05 elementor-widget elementor-widget-text-editor\" data-id=\"c170e05\" data-element_type=\"widget\" data-e-type=\"widget\" data-widget_type=\"text-editor.default\">\n\t\t\t\t<div class=\"elementor-widget-container\">\n\t\t\t\t\t\t\t\t\t<p>La configuraci\u00f3n de un programa de seguro para equipo m\u00f3vil considera caracter\u00edsticas t\u00e9cnicas del activo, modalidad de uso, entorno de operaci\u00f3n y valores asegurables declarados.<\/p><p>Habitualmente incorpora coberturas para da\u00f1os materiales, vuelcos, colisiones, incendio, robo, fen\u00f3menos naturales y da\u00f1os a terceros derivados de la operaci\u00f3n del equipo, todo ello bajo l\u00edmites y condiciones coherentes con la realidad productiva.<\/p><p>La correcta estructuraci\u00f3n permite equilibrar alcance de cobertura, deducibles y sostenibilidad del programa, evitando esquemas gen\u00e9ricos que no reflejan la exposici\u00f3n real.<\/p>\t\t\t\t\t\t\t\t<\/div>\n\t\t\t\t<\/div>\n\t\t\t\t<\/div>\n\t\t<div data-particle_enable=\"false\" data-particle-mobile-disabled=\"false\" class=\"elementor-element elementor-element-e2433a0 e-con-full e-flex wpr-particle-no wpr-jarallax-no wpr-parallax-no wpr-equal-height-no e-con e-child\" data-id=\"e2433a0\" data-element_type=\"container\" data-e-type=\"container\">\n\t\t\t\t<div class=\"elementor-element elementor-element-51e8534 elementor-widget elementor-widget-image\" data-id=\"51e8534\" data-element_type=\"widget\" data-e-type=\"widget\" data-widget_type=\"image.default\">\n\t\t\t\t<div class=\"elementor-widget-container\">\n\t\t\t\t\t\t\t\t\t\t\t\t\t\t\t<img fetchpriority=\"high\" decoding=\"async\" width=\"960\" height=\"960\" src=\"https:\/\/veritas.cl\/veritas\/wp-content\/uploads\/2026\/03\/tecnica_del_programa-1024x1024.webp\" class=\"attachment-large size-large wp-image-61492\" alt=\"\" srcset=\"https:\/\/veritas.cl\/veritas\/wp-content\/uploads\/2026\/03\/tecnica_del_programa-1024x1024.webp 1024w, https:\/\/veritas.cl\/veritas\/wp-content\/uploads\/2026\/03\/tecnica_del_programa-300x300.webp 300w, https:\/\/veritas.cl\/veritas\/wp-content\/uploads\/2026\/03\/tecnica_del_programa-150x150.webp 150w, https:\/\/veritas.cl\/veritas\/wp-content\/uploads\/2026\/03\/tecnica_del_programa-768x768.webp 768w, https:\/\/veritas.cl\/veritas\/wp-content\/uploads\/2026\/03\/tecnica_del_programa.webp 1200w\" sizes=\"(max-width: 960px) 100vw, 960px\" \/>\t\t\t\t\t\t\t\t\t\t\t\t\t\t\t<\/div>\n\t\t\t\t<\/div>\n\t\t\t\t<\/div>\n\t\t\t\t\t<\/div>\n\t\t\t\t<\/div>\n\t\t<div data-particle_enable=\"false\" data-particle-mobile-disabled=\"false\" class=\"elementor-element elementor-element-5efd156 e-flex e-con-boxed wpr-particle-no wpr-jarallax-no wpr-parallax-no wpr-equal-height-no e-con e-parent\" data-id=\"5efd156\" data-element_type=\"container\" data-e-type=\"container\">\n\t\t\t\t\t<div class=\"e-con-inner\">\n\t\t<div data-particle_enable=\"false\" data-particle-mobile-disabled=\"false\" class=\"elementor-element elementor-element-c73b0e0 e-con-full e-flex wpr-particle-no wpr-jarallax-no wpr-parallax-no wpr-equal-height-no e-con e-child\" data-id=\"c73b0e0\" data-element_type=\"container\" data-e-type=\"container\">\n\t\t\t\t<div class=\"elementor-element elementor-element-b5b250f elementor-widget elementor-widget-text-editor\" data-id=\"b5b250f\" data-element_type=\"widget\" data-e-type=\"widget\" data-widget_type=\"text-editor.default\">\n\t\t\t\t<div class=\"elementor-widget-container\">\n\t\t\t\t\t\t\t\t\t<p>La administraci\u00f3n del seguro de equipo m\u00f3vil no se limita a la contrataci\u00f3n inicial. Requiere actualizaci\u00f3n permanente de valores, revisi\u00f3n de flota, seguimiento de siniestralidad y coordinaci\u00f3n t\u00e9cnica en caso de incidentes.<\/p><p>Una gesti\u00f3n consistente facilita la r\u00e1pida activaci\u00f3n de coberturas, la adecuada tramitaci\u00f3n de siniestros y la recuperaci\u00f3n operativa del activo, resguardando disponibilidad productiva y estabilidad financiera de la operaci\u00f3n.<\/p>\t\t\t\t\t\t\t\t<\/div>\n\t\t\t\t<\/div>\n\t\t\t\t<div class=\"elementor-element elementor-element-60ead5a elementor-widget elementor-widget-heading\" data-id=\"60ead5a\" data-element_type=\"widget\" data-e-type=\"widget\" data-widget_type=\"heading.default\">\n\t\t\t\t<div class=\"elementor-widget-container\">\n\t\t\t\t\t<h2 class=\"elementor-heading-title elementor-size-default\">Gesti\u00f3n t\u00e9cnica y continuidad operativa<\/h2>\t\t\t\t<\/div>\n\t\t\t\t<\/div>\n\t\t\t\t<\/div>\n\t\t<div data-particle_enable=\"false\" data-particle-mobile-disabled=\"false\" class=\"elementor-element elementor-element-adff9da e-con-full e-flex wpr-particle-no wpr-jarallax-no wpr-parallax-no wpr-equal-height-no e-con e-child\" data-id=\"adff9da\" data-element_type=\"container\" data-e-type=\"container\">\n\t\t\t\t<div class=\"elementor-element elementor-element-ec7e309 elementor-widget elementor-widget-image\" data-id=\"ec7e309\" data-element_type=\"widget\" data-e-type=\"widget\" data-widget_type=\"image.default\">\n\t\t\t\t<div class=\"elementor-widget-container\">\n\t\t\t\t\t\t\t\t\t\t\t\t\t\t\t<img decoding=\"async\" width=\"960\" height=\"960\" src=\"https:\/\/veritas.cl\/veritas\/wp-content\/uploads\/2026\/03\/gestion_tecnica-2-1024x1024.webp\" class=\"attachment-large size-large wp-image-61493\" alt=\"\" srcset=\"https:\/\/veritas.cl\/veritas\/wp-content\/uploads\/2026\/03\/gestion_tecnica-2-1024x1024.webp 1024w, https:\/\/veritas.cl\/veritas\/wp-content\/uploads\/2026\/03\/gestion_tecnica-2-300x300.webp 300w, https:\/\/veritas.cl\/veritas\/wp-content\/uploads\/2026\/03\/gestion_tecnica-2-150x150.webp 150w, https:\/\/veritas.cl\/veritas\/wp-content\/uploads\/2026\/03\/gestion_tecnica-2-768x768.webp 768w, https:\/\/veritas.cl\/veritas\/wp-content\/uploads\/2026\/03\/gestion_tecnica-2.webp 1200w\" sizes=\"(max-width: 960px) 100vw, 960px\" \/>\t\t\t\t\t\t\t\t\t\t\t\t\t\t\t<\/div>\n\t\t\t\t<\/div>\n\t\t\t\t<\/div>\n\t\t\t\t\t<\/div>\n\t\t\t\t<\/div>\n\t\t<div data-particle_enable=\"false\" data-particle-mobile-disabled=\"false\" class=\"elementor-element elementor-element-12a400e bdt-backdrop-filter-yes e-flex e-con-boxed wpr-particle-no wpr-jarallax-no wpr-parallax-no wpr-equal-height-no e-con e-parent\" data-id=\"12a400e\" data-element_type=\"container\" data-e-type=\"container\" data-settings=\"{&quot;background_background&quot;:&quot;classic&quot;}\">\n\t\t\t\t\t<div class=\"e-con-inner\">\n\t\t<div data-particle_enable=\"false\" data-particle-mobile-disabled=\"false\" class=\"elementor-element elementor-element-1eb02736 e-con-full e-flex wpr-particle-no wpr-jarallax-no wpr-parallax-no wpr-equal-height-no e-con e-child\" data-id=\"1eb02736\" data-element_type=\"container\" data-e-type=\"container\">\n\t\t<div data-particle_enable=\"false\" data-particle-mobile-disabled=\"false\" class=\"elementor-element elementor-element-6ab2f990 bdt-backdrop-filter-yes e-con-full e-flex wpr-particle-no wpr-jarallax-no wpr-parallax-no wpr-equal-height-no e-con e-child\" data-id=\"6ab2f990\" data-element_type=\"container\" data-e-type=\"container\" data-settings=\"{&quot;background_background&quot;:&quot;classic&quot;}\">\n\t\t<div data-particle_enable=\"false\" data-particle-mobile-disabled=\"false\" class=\"elementor-element elementor-element-c511cd7 e-con-full e-flex wpr-particle-no wpr-jarallax-no wpr-parallax-no wpr-equal-height-no e-con e-child\" data-id=\"c511cd7\" data-element_type=\"container\" data-e-type=\"container\" data-settings=\"{&quot;background_background&quot;:&quot;classic&quot;}\">\n\t\t\t\t<div class=\"elementor-element elementor-element-f6671d6 elementor-widget elementor-widget-heading\" data-id=\"f6671d6\" data-element_type=\"widget\" data-e-type=\"widget\" data-widget_type=\"heading.default\">\n\t\t\t\t<div class=\"elementor-widget-container\">\n\t\t\t\t\t<h2 class=\"elementor-heading-title elementor-size-default\">Inf\u00f3rmese y tome la mejor decisi\u00f3n<\/h2>\t\t\t\t<\/div>\n\t\t\t\t<\/div>\n\t\t\t\t<div class=\"elementor-element elementor-element-1ddad16 elementor-widget elementor-widget-heading\" data-id=\"1ddad16\" data-element_type=\"widget\" data-e-type=\"widget\" data-widget_type=\"heading.default\">\n\t\t\t\t<div class=\"elementor-widget-container\">\n\t\t\t\t\t<h2 class=\"elementor-heading-title elementor-size-default\">Solicite asesor\u00eda experta<\/h2>\t\t\t\t<\/div>\n\t\t\t\t<\/div>\n\t\t\t\t<div class=\"elementor-element elementor-element-4d315d6c elementor-widget elementor-widget-text-editor\" data-id=\"4d315d6c\" data-element_type=\"widget\" data-e-type=\"widget\" data-widget_type=\"text-editor.default\">\n\t\t\t\t<div class=\"elementor-widget-container\">\n\t\t\t\t\t\t\t\t\t<p style=\"text-align: left;\">Resuelva sus consultas con nuestros especialistas, solicite su asesor\u00eda personalizada ahora.<\/p>\t\t\t\t\t\t\t\t<\/div>\n\t\t\t\t<\/div>\n\t\t\t\t<div class=\"elementor-element elementor-element-df0cf29 elementor-position-inline-start elementor-widget__width-initial elementor-widget-mobile__width-inherit elementor-mobile-position-inline-start elementor-view-default elementor-widget elementor-widget-icon-box\" data-id=\"df0cf29\" data-element_type=\"widget\" data-e-type=\"widget\" data-widget_type=\"icon-box.default\">\n\t\t\t\t<div class=\"elementor-widget-container\">\n\t\t\t\t\t\t\t<div class=\"elementor-icon-box-wrapper\">\n\n\t\t\t\t\t\t<div class=\"elementor-icon-box-icon\">\n\t\t\t\t<a href=\"https:\/\/veritas.cl\/veritas\/formulario-de-contacto\/\" class=\"elementor-icon\" tabindex=\"-1\" aria-label=\"Cont\u00e1ctenos\">\n\t\t\t\t<svg xmlns=\"http:\/\/www.w3.org\/2000\/svg\" id=\"Capa_1\" viewBox=\"0 0 241 69\"><defs><style>      .st0 {        fill: #039;      }      .st1 {        fill: none;        stroke: #039;        stroke-miterlimit: 10;        stroke-width: 6px;      }    <\/style><\/defs><path class=\"st1\" d=\"M3,35h227.06\"><\/path><path class=\"st0\" d=\"M184.96,66.68c-.98-1.53-.52-3.58,1.02-4.56l42.58-27.12-42.58-27.12c-1.54-.98-2-3.02-1.02-4.56.98-1.53,3.04-1.98,4.56-1.01l46.95,29.91c.95.61,1.53,1.66,1.53,2.78s-.58,2.18-1.53,2.78l-46.95,29.91c-.55.35-1.17.52-1.77.52-1.09,0-2.16-.54-2.79-1.53Z\"><\/path><\/svg>\t\t\t\t<\/a>\n\t\t\t<\/div>\n\t\t\t\n\t\t\t\t\t\t<div class=\"elementor-icon-box-content\">\n\n\t\t\t\t\t\t\t\t\t<h3 class=\"elementor-icon-box-title\">\n\t\t\t\t\t\t<a href=\"https:\/\/veritas.cl\/veritas\/formulario-de-contacto\/\" >\n\t\t\t\t\t\t\tCont\u00e1ctenos\t\t\t\t\t\t<\/a>\n\t\t\t\t\t<\/h3>\n\t\t\t\t\n\t\t\t\t\n\t\t\t<\/div>\n\t\t\t\n\t\t<\/div>\n\t\t\t\t\t\t<\/div>\n\t\t\t\t<\/div>\n\t\t\t\t<\/div>\n\t\t<div data-particle_enable=\"false\" data-particle-mobile-disabled=\"false\" class=\"elementor-element elementor-element-4428a45 e-con-full e-flex wpr-particle-no wpr-jarallax-no wpr-parallax-no wpr-equal-height-no e-con e-child\" data-id=\"4428a45\" data-element_type=\"container\" data-e-type=\"container\" data-settings=\"{&quot;background_background&quot;:&quot;classic&quot;}\">\n\t\t\t\t<div class=\"elementor-element elementor-element-5de16e9f elementor-widget elementor-widget-image\" data-id=\"5de16e9f\" data-element_type=\"widget\" data-e-type=\"widget\" data-widget_type=\"image.default\">\n\t\t\t\t<div class=\"elementor-widget-container\">\n\t\t\t\t\t\t\t\t\t\t\t\t\t\t\t<img decoding=\"async\" width=\"960\" height=\"640\" src=\"https:\/\/veritas.cl\/veritas\/wp-content\/uploads\/2026\/03\/solicite-asesoria-experta-1024x683.webp\" class=\"attachment-large size-large wp-image-61185\" alt=\"\" srcset=\"https:\/\/veritas.cl\/veritas\/wp-content\/uploads\/2026\/03\/solicite-asesoria-experta-1024x683.webp 1024w, https:\/\/veritas.cl\/veritas\/wp-content\/uploads\/2026\/03\/solicite-asesoria-experta-300x200.webp 300w, https:\/\/veritas.cl\/veritas\/wp-content\/uploads\/2026\/03\/solicite-asesoria-experta-768x512.webp 768w, https:\/\/veritas.cl\/veritas\/wp-content\/uploads\/2026\/03\/solicite-asesoria-experta.webp 1200w\" sizes=\"(max-width: 960px) 100vw, 960px\" \/>\t\t\t\t\t\t\t\t\t\t\t\t\t\t\t<\/div>\n\t\t\t\t<\/div>\n\t\t\t\t<\/div>\n\t\t\t\t<\/div>\n\t\t\t\t<\/div>\n\t\t\t\t\t<\/div>\n\t\t\t\t<\/div>\n\t\t\t\t<\/div>\n\t\t","protected":false},"excerpt":{"rendered":"<p>Gesti\u00f3n estructural de equipos m\u00f3viles en operaci\u00f3n Equipo M\u00f3vil La operaci\u00f3n de maquinaria pesada y equipos m\u00f3viles expone activos cr\u00edticos a riesgos que pueden afectar disponibilidad, productividad y continuidad del negocio. Su aseguramiento exige comprensi\u00f3n t\u00e9cnica del entorno operativo y de los valores en juego. Exposici\u00f3n y naturaleza del riesgo En industrias como miner\u00eda, construcci\u00f3n, infraestructura y obras civiles, los equipos m\u00f3viles operan en condiciones de alta exigencia t\u00e9cnica y permanente movimiento. Vuelcos, colisiones, impactos, incendios, robo o eventos de origen natural pueden comprometer tanto el activo como la continuidad de la faena. Estas exposiciones se intensifican cuando intervienen contratistas, subcontratistas y m\u00faltiples frentes de trabajo, donde la interacci\u00f3n operativa incrementa la probabilidad de incidentes con impacto patrimonial y contractual. Estructuraci\u00f3n t\u00e9cnica del programa La configuraci\u00f3n de un programa de seguro para equipo m\u00f3vil considera caracter\u00edsticas t\u00e9cnicas del activo, modalidad de uso, entorno de operaci\u00f3n y valores asegurables declarados. Habitualmente incorpora coberturas para da\u00f1os materiales, vuelcos, colisiones, incendio, robo, fen\u00f3menos naturales y da\u00f1os a terceros derivados de la operaci\u00f3n del equipo, todo ello bajo l\u00edmites y condiciones coherentes con la realidad productiva. La correcta estructuraci\u00f3n permite equilibrar alcance de cobertura, deducibles y sostenibilidad del programa, evitando esquemas gen\u00e9ricos que no reflejan la exposici\u00f3n real. La administraci\u00f3n del seguro de equipo m\u00f3vil no se limita a la contrataci\u00f3n inicial. Requiere actualizaci\u00f3n permanente de valores, revisi\u00f3n de flota, seguimiento de siniestralidad y coordinaci\u00f3n t\u00e9cnica en caso de incidentes. Una gesti\u00f3n consistente facilita la r\u00e1pida activaci\u00f3n de coberturas, la adecuada tramitaci\u00f3n de siniestros y la recuperaci\u00f3n operativa del activo, resguardando disponibilidad productiva y estabilidad financiera de la operaci\u00f3n. Gesti\u00f3n t\u00e9cnica y continuidad operativa Inf\u00f3rmese y tome la mejor decisi\u00f3n Solicite asesor\u00eda experta Resuelva sus consultas con nuestros especialistas, solicite su asesor\u00eda personalizada ahora. Cont\u00e1ctenos<\/p>\n","protected":false},"author":1,"featured_media":0,"parent":0,"menu_order":0,"comment_status":"closed","ping_status":"closed","template":"","meta":{"footnotes":""},"class_list":["post-46789","page","type-page","status-publish","hentry"],"_links":{"self":[{"href":"https:\/\/veritas.cl\/veritas\/wp-json\/wp\/v2\/pages\/46789","targetHints":{"allow":["GET"]}}],"collection":[{"href":"https:\/\/veritas.cl\/veritas\/wp-json\/wp\/v2\/pages"}],"about":[{"href":"https:\/\/veritas.cl\/veritas\/wp-json\/wp\/v2\/types\/page"}],"author":[{"embeddable":true,"href":"https:\/\/veritas.cl\/veritas\/wp-json\/wp\/v2\/users\/1"}],"replies":[{"embeddable":true,"href":"https:\/\/veritas.cl\/veritas\/wp-json\/wp\/v2\/comments?post=46789"}],"version-history":[{"count":193,"href":"https:\/\/veritas.cl\/veritas\/wp-json\/wp\/v2\/pages\/46789\/revisions"}],"predecessor-version":[{"id":62477,"href":"https:\/\/veritas.cl\/veritas\/wp-json\/wp\/v2\/pages\/46789\/revisions\/62477"}],"wp:attachment":[{"href":"https:\/\/veritas.cl\/veritas\/wp-json\/wp\/v2\/media?parent=46789"}],"curies":[{"name":"wp","href":"https:\/\/api.w.org\/{rel}","templated":true}]}}