{"id":56351,"date":"2026-01-12T20:11:58","date_gmt":"2026-01-12T20:11:58","guid":{"rendered":"https:\/\/veritas.cl\/veritas\/?page_id=56351"},"modified":"2026-03-19T15:22:36","modified_gmt":"2026-03-19T15:22:36","slug":"perspectivas-veritas-vas","status":"publish","type":"page","link":"https:\/\/veritas.cl\/veritas\/perspectivas-veritas-vas\/","title":{"rendered":"Perspectivas Veritas VAS"},"content":{"rendered":"\t\t<div data-elementor-type=\"wp-page\" data-elementor-id=\"56351\" class=\"elementor elementor-56351\" data-elementor-settings=\"{&quot;element_pack_global_tooltip_width&quot;:{&quot;unit&quot;:&quot;px&quot;,&quot;size&quot;:&quot;&quot;,&quot;sizes&quot;:[]},&quot;element_pack_global_tooltip_width_laptop&quot;:{&quot;unit&quot;:&quot;px&quot;,&quot;size&quot;:&quot;&quot;,&quot;sizes&quot;:[]},&quot;element_pack_global_tooltip_width_tablet&quot;:{&quot;unit&quot;:&quot;px&quot;,&quot;size&quot;:&quot;&quot;,&quot;sizes&quot;:[]},&quot;element_pack_global_tooltip_width_mobile&quot;:{&quot;unit&quot;:&quot;px&quot;,&quot;size&quot;:&quot;&quot;,&quot;sizes&quot;:[]},&quot;element_pack_global_tooltip_padding&quot;:{&quot;unit&quot;:&quot;px&quot;,&quot;top&quot;:&quot;&quot;,&quot;right&quot;:&quot;&quot;,&quot;bottom&quot;:&quot;&quot;,&quot;left&quot;:&quot;&quot;,&quot;isLinked&quot;:true},&quot;element_pack_global_tooltip_padding_laptop&quot;:{&quot;unit&quot;:&quot;px&quot;,&quot;top&quot;:&quot;&quot;,&quot;right&quot;:&quot;&quot;,&quot;bottom&quot;:&quot;&quot;,&quot;left&quot;:&quot;&quot;,&quot;isLinked&quot;:true},&quot;element_pack_global_tooltip_padding_tablet&quot;:{&quot;unit&quot;:&quot;px&quot;,&quot;top&quot;:&quot;&quot;,&quot;right&quot;:&quot;&quot;,&quot;bottom&quot;:&quot;&quot;,&quot;left&quot;:&quot;&quot;,&quot;isLinked&quot;:true},&quot;element_pack_global_tooltip_padding_mobile&quot;:{&quot;unit&quot;:&quot;px&quot;,&quot;top&quot;:&quot;&quot;,&quot;right&quot;:&quot;&quot;,&quot;bottom&quot;:&quot;&quot;,&quot;left&quot;:&quot;&quot;,&quot;isLinked&quot;:true},&quot;element_pack_global_tooltip_border_radius&quot;:{&quot;unit&quot;:&quot;px&quot;,&quot;top&quot;:&quot;&quot;,&quot;right&quot;:&quot;&quot;,&quot;bottom&quot;:&quot;&quot;,&quot;left&quot;:&quot;&quot;,&quot;isLinked&quot;:true},&quot;element_pack_global_tooltip_border_radius_laptop&quot;:{&quot;unit&quot;:&quot;px&quot;,&quot;top&quot;:&quot;&quot;,&quot;right&quot;:&quot;&quot;,&quot;bottom&quot;:&quot;&quot;,&quot;left&quot;:&quot;&quot;,&quot;isLinked&quot;:true},&quot;element_pack_global_tooltip_border_radius_tablet&quot;:{&quot;unit&quot;:&quot;px&quot;,&quot;top&quot;:&quot;&quot;,&quot;right&quot;:&quot;&quot;,&quot;bottom&quot;:&quot;&quot;,&quot;left&quot;:&quot;&quot;,&quot;isLinked&quot;:true},&quot;element_pack_global_tooltip_border_radius_mobile&quot;:{&quot;unit&quot;:&quot;px&quot;,&quot;top&quot;:&quot;&quot;,&quot;right&quot;:&quot;&quot;,&quot;bottom&quot;:&quot;&quot;,&quot;left&quot;:&quot;&quot;,&quot;isLinked&quot;:true}}\" data-elementor-post-type=\"page\">\n\t\t\t\t<div data-particle_enable=\"false\" data-particle-mobile-disabled=\"false\" class=\"elementor-element elementor-element-952789b e-flex e-con-boxed wpr-particle-no wpr-jarallax-no wpr-parallax-no e-con e-parent\" data-id=\"952789b\" data-element_type=\"container\" data-e-type=\"container\" data-settings=\"{&quot;background_background&quot;:&quot;classic&quot;}\">\n\t\t\t\t\t<div class=\"e-con-inner\">\n\t\t<div data-particle_enable=\"false\" data-particle-mobile-disabled=\"false\" class=\"elementor-element elementor-element-dd055bb e-con-full e-flex wpr-particle-no wpr-jarallax-no wpr-parallax-no e-con e-child\" data-id=\"dd055bb\" data-element_type=\"container\" data-e-type=\"container\">\n\t\t<div data-particle_enable=\"false\" data-particle-mobile-disabled=\"false\" class=\"elementor-element elementor-element-2636992 e-con-full e-flex wpr-particle-no wpr-jarallax-no wpr-parallax-no e-con e-child\" data-id=\"2636992\" data-element_type=\"container\" data-e-type=\"container\">\n\t\t\t\t<div class=\"elementor-element elementor-element-8335238 elementor-widget elementor-widget-heading\" data-id=\"8335238\" data-element_type=\"widget\" data-e-type=\"widget\" data-widget_type=\"heading.default\">\n\t\t\t\t<div class=\"elementor-widget-container\">\n\t\t\t\t\t<h2 class=\"elementor-heading-title elementor-size-default\">Nota de Prensa<\/h2>\t\t\t\t<\/div>\n\t\t\t\t<\/div>\n\t\t\t\t<div class=\"elementor-element elementor-element-691a212 elementor-widget elementor-widget-heading\" data-id=\"691a212\" data-element_type=\"widget\" data-e-type=\"widget\" data-widget_type=\"heading.default\">\n\t\t\t\t<div class=\"elementor-widget-container\">\n\t\t\t\t\t<h2 class=\"elementor-heading-title elementor-size-default\">Perspectivas Veritas VAS<\/h2>\t\t\t\t<\/div>\n\t\t\t\t<\/div>\n\t\t\t\t<div class=\"elementor-element elementor-element-44e924c bdt-has-divider--yes elementor-widget elementor-widget-bdt-post-list\" data-id=\"44e924c\" data-element_type=\"widget\" data-e-type=\"widget\" data-widget_type=\"bdt-post-list.default\">\n\t\t\t\t<div class=\"elementor-widget-container\">\n\t\t\t\t\t\t\t<div class=\"bdt-post-list-wrap\" data-show-hide=\"{&quot;show_title&quot;:&quot;yes&quot;,&quot;show_category&quot;:&quot;yes&quot;,&quot;show_image&quot;:&quot;yes&quot;,&quot;show_date&quot;:&quot;yes&quot;,&quot;human_diff_time_short&quot;:&quot;no&quot;}\">\n\t\t\t\t\t\t<div class=\"bdt-post-list\" id=\"bdt-post-list-44e924c\" data-settings=\"{&quot;taxonomy&quot;:&quot;category&quot;,&quot;post-type&quot;:&quot;post&quot;,&quot;order&quot;:&quot;desc&quot;,&quot;orderby&quot;:&quot;date&quot;,&quot;posts_per_page&quot;:6}\">\n\t\t\t\t\t\t\t\t\t\t\n\t\t\t\t\t<div class=\"bdt-item-wrap bdt-flex\">\n\t\t\t\t\t\t<div class=\"bdt-item bdt-flex bdt-flex-middle\">\n\t\t\t\t\t\t\t\n\t\t\t\t\t\t\t\t\t\t\t\t\t\t<div class=\"bdt-image bdt-flex\">\n\t\t\t\t\t\t\t\t<a href=\"https:\/\/veritas.cl\/veritas\/seguros-complementarios-para-fonasa-ganan-terreno\/\"\n\t\t\t\t\t\t\t\t\ttitle=\"Seguros complementarios para Fonasa ganan terreno\">\n\t\t\t\t\t\t\t\t\t<img decoding=\"async\" width=\"150\" height=\"150\" src=\"https:\/\/veritas.cl\/veritas\/wp-content\/uploads\/2026\/03\/Seguros-complementarios-para-Fonasa-ganan-terreno-fondo-150x150.webp\" class=\"attachment-thumbnail size-thumbnail\" alt=\"Seguros complementarios para Fonasa ganan terreno\" \/>\t\t\t\t\t\t\t\t<\/a>\n\t\t\t\t\t\t\t<\/div>\n\t\t\t\t\t\t\t\n\t\t\t\t\t\t\t<div class=\"bdt-content\">\n\t\t\t\t\t\t\t\t\t\t\t\t\t\t\t\t\t<h3\t\t\t\t\t\t\t\t\t\tclass=\"bdt-title\">\n\t\t\t\t\t\t\t\t\t\t<a href=\"https:\/\/veritas.cl\/veritas\/seguros-complementarios-para-fonasa-ganan-terreno\/\" class=\"bdt-link\"\n\t\t\t\t\t\t\t\t\t\t\ttitle=\"Seguros complementarios para Fonasa ganan terreno\">\n\t\t\t\t\t\t\t\t\t\t\tSeguros complementarios para Fonasa ganan terreno\t\t\t\t\t\t\t\t\t\t<\/a>\n\t\t\t\t\t\t\t\t\t<\/h3>\n\t\t\t\t\t\t\t\t\n\t\t\t\t\t\t\t\t\n\t\t\t\t\t\t\t\t\t<div class=\"bdt-meta bdt-subnav bdt-flex-middle\">\n\t\t\t\t\t\t\t\t\t\t<span>marzo 17, 2026<\/span>\t\t\t\t\t\t\t\t\t\t\t\t\t\t\t\t\t\t\t\t\t\t\t<span>\n\t\t\t<a href=\"https:\/\/veritas.cl\/veritas\/category\/noticias\/\">Noticias<\/a>\t\t<\/span>\n\t\t\t\t\t\t\t\t\t\t\t\t\n\t\t\t\t\t\t\t\t\t<\/div>\n\n\t\t\t\t\t\t\t\t\t\t\t\t\t\t\t<\/div>\n\t\t\t\t\t\t<\/div>\n\t\t\t\t\t<\/div>\n\t\t\t\t\t\t\t\t\t\t\n\t\t\t\t\t<div class=\"bdt-item-wrap bdt-flex\">\n\t\t\t\t\t\t<div class=\"bdt-item bdt-flex bdt-flex-middle\">\n\t\t\t\t\t\t\t\n\t\t\t\t\t\t\t\t\t\t\t\t\t\t<div class=\"bdt-image bdt-flex\">\n\t\t\t\t\t\t\t\t<a href=\"https:\/\/veritas.cl\/veritas\/incendios-en-el-centro-sur-un-riesgo-conocido-que-desafia-a-los-seguros\/\"\n\t\t\t\t\t\t\t\t\ttitle=\"Incendios en el centro sur: un riesgo conocido que desaf\u00eda a los seguros\">\n\t\t\t\t\t\t\t\t\t<img decoding=\"async\" width=\"150\" height=\"150\" src=\"https:\/\/veritas.cl\/veritas\/wp-content\/uploads\/2026\/01\/Noticias-220125-150x150.webp\" class=\"attachment-thumbnail size-thumbnail\" alt=\"Incendios en el centro sur: un riesgo conocido que desaf\u00eda a los seguros\" \/>\t\t\t\t\t\t\t\t<\/a>\n\t\t\t\t\t\t\t<\/div>\n\t\t\t\t\t\t\t\n\t\t\t\t\t\t\t<div class=\"bdt-content\">\n\t\t\t\t\t\t\t\t\t\t\t\t\t\t\t\t\t<h3\t\t\t\t\t\t\t\t\t\tclass=\"bdt-title\">\n\t\t\t\t\t\t\t\t\t\t<a href=\"https:\/\/veritas.cl\/veritas\/incendios-en-el-centro-sur-un-riesgo-conocido-que-desafia-a-los-seguros\/\" class=\"bdt-link\"\n\t\t\t\t\t\t\t\t\t\t\ttitle=\"Incendios en el centro sur: un riesgo conocido que desaf\u00eda a los seguros\">\n\t\t\t\t\t\t\t\t\t\t\tIncendios en el centro sur: un riesgo conocido que desaf\u00eda a los seguros\t\t\t\t\t\t\t\t\t\t<\/a>\n\t\t\t\t\t\t\t\t\t<\/h3>\n\t\t\t\t\t\t\t\t\n\t\t\t\t\t\t\t\t\n\t\t\t\t\t\t\t\t\t<div class=\"bdt-meta bdt-subnav bdt-flex-middle\">\n\t\t\t\t\t\t\t\t\t\t<span>enero 22, 2026<\/span>\t\t\t\t\t\t\t\t\t\t\t\t\t\t\t\t\t\t\t\t\t\t\t<span>\n\t\t\t<a href=\"https:\/\/veritas.cl\/veritas\/category\/noticias\/\">Noticias<\/a>\t\t<\/span>\n\t\t\t\t\t\t\t\t\t\t\t\t\n\t\t\t\t\t\t\t\t\t<\/div>\n\n\t\t\t\t\t\t\t\t\t\t\t\t\t\t\t<\/div>\n\t\t\t\t\t\t<\/div>\n\t\t\t\t\t<\/div>\n\t\t\t\t\t\t\t\t\t\t\n\t\t\t\t\t<div class=\"bdt-item-wrap bdt-flex\">\n\t\t\t\t\t\t<div class=\"bdt-item bdt-flex bdt-flex-middle\">\n\t\t\t\t\t\t\t\n\t\t\t\t\t\t\t\t\t\t\t\t\t\t<div class=\"bdt-image bdt-flex\">\n\t\t\t\t\t\t\t\t<a href=\"https:\/\/veritas.cl\/veritas\/los-avances-de-la-tecnologia-que-estan-reduciendo-siniestros-en-la-seguridad-vial\/\"\n\t\t\t\t\t\t\t\t\ttitle=\"Los avances de la tecnolog\u00eda que est\u00e1n reduciendo siniestros en la seguridad vial\">\n\t\t\t\t\t\t\t\t\t<img decoding=\"async\" width=\"150\" height=\"150\" src=\"https:\/\/veritas.cl\/veritas\/wp-content\/uploads\/2026\/01\/Noticias-220125-2-150x150.webp\" class=\"attachment-thumbnail size-thumbnail\" alt=\"Los avances de la tecnolog\u00eda que est\u00e1n reduciendo siniestros en la seguridad vial\" \/>\t\t\t\t\t\t\t\t<\/a>\n\t\t\t\t\t\t\t<\/div>\n\t\t\t\t\t\t\t\n\t\t\t\t\t\t\t<div class=\"bdt-content\">\n\t\t\t\t\t\t\t\t\t\t\t\t\t\t\t\t\t<h3\t\t\t\t\t\t\t\t\t\tclass=\"bdt-title\">\n\t\t\t\t\t\t\t\t\t\t<a href=\"https:\/\/veritas.cl\/veritas\/los-avances-de-la-tecnologia-que-estan-reduciendo-siniestros-en-la-seguridad-vial\/\" class=\"bdt-link\"\n\t\t\t\t\t\t\t\t\t\t\ttitle=\"Los avances de la tecnolog\u00eda que est\u00e1n reduciendo siniestros en la seguridad vial\">\n\t\t\t\t\t\t\t\t\t\t\tLos avances de la tecnolog\u00eda que est\u00e1n reduciendo siniestros en la seguridad vial\t\t\t\t\t\t\t\t\t\t<\/a>\n\t\t\t\t\t\t\t\t\t<\/h3>\n\t\t\t\t\t\t\t\t\n\t\t\t\t\t\t\t\t\n\t\t\t\t\t\t\t\t\t<div class=\"bdt-meta bdt-subnav bdt-flex-middle\">\n\t\t\t\t\t\t\t\t\t\t<span>enero 21, 2026<\/span>\t\t\t\t\t\t\t\t\t\t\t\t\t\t\t\t\t\t\t\t\t\t\t<span>\n\t\t\t<a href=\"https:\/\/veritas.cl\/veritas\/category\/noticias\/\">Noticias<\/a>\t\t<\/span>\n\t\t\t\t\t\t\t\t\t\t\t\t\n\t\t\t\t\t\t\t\t\t<\/div>\n\n\t\t\t\t\t\t\t\t\t\t\t\t\t\t\t<\/div>\n\t\t\t\t\t\t<\/div>\n\t\t\t\t\t<\/div>\n\t\t\t\t\t\t\t\t\t\t\n\t\t\t\t\t<div class=\"bdt-item-wrap bdt-flex\">\n\t\t\t\t\t\t<div class=\"bdt-item bdt-flex bdt-flex-middle\">\n\t\t\t\t\t\t\t\n\t\t\t\t\t\t\t\t\t\t\t\t\t\t<div class=\"bdt-image bdt-flex\">\n\t\t\t\t\t\t\t\t<a href=\"https:\/\/veritas.cl\/veritas\/seguros-contra-fraudes-bancarios-una-propuesta-que-apunta-a-proteger-a-los-clientes\/\"\n\t\t\t\t\t\t\t\t\ttitle=\"Seguros contra fraudes bancarios, una propuesta que apunta a proteger a los clientes\">\n\t\t\t\t\t\t\t\t\t<img loading=\"lazy\" decoding=\"async\" width=\"150\" height=\"150\" src=\"https:\/\/veritas.cl\/veritas\/wp-content\/uploads\/2026\/01\/Noticias-220125-3-150x150.webp\" class=\"attachment-thumbnail size-thumbnail\" alt=\"Seguros contra fraudes bancarios, una propuesta que apunta a proteger a los clientes\" \/>\t\t\t\t\t\t\t\t<\/a>\n\t\t\t\t\t\t\t<\/div>\n\t\t\t\t\t\t\t\n\t\t\t\t\t\t\t<div class=\"bdt-content\">\n\t\t\t\t\t\t\t\t\t\t\t\t\t\t\t\t\t<h3\t\t\t\t\t\t\t\t\t\tclass=\"bdt-title\">\n\t\t\t\t\t\t\t\t\t\t<a href=\"https:\/\/veritas.cl\/veritas\/seguros-contra-fraudes-bancarios-una-propuesta-que-apunta-a-proteger-a-los-clientes\/\" class=\"bdt-link\"\n\t\t\t\t\t\t\t\t\t\t\ttitle=\"Seguros contra fraudes bancarios, una propuesta que apunta a proteger a los clientes\">\n\t\t\t\t\t\t\t\t\t\t\tSeguros contra fraudes bancarios, una propuesta que apunta a proteger a los clientes\t\t\t\t\t\t\t\t\t\t<\/a>\n\t\t\t\t\t\t\t\t\t<\/h3>\n\t\t\t\t\t\t\t\t\n\t\t\t\t\t\t\t\t\n\t\t\t\t\t\t\t\t\t<div class=\"bdt-meta bdt-subnav bdt-flex-middle\">\n\t\t\t\t\t\t\t\t\t\t<span>enero 20, 2026<\/span>\t\t\t\t\t\t\t\t\t\t\t\t\t\t\t\t\t\t\t\t\t\t\t<span>\n\t\t\t<a href=\"https:\/\/veritas.cl\/veritas\/category\/noticias\/\">Noticias<\/a>\t\t<\/span>\n\t\t\t\t\t\t\t\t\t\t\t\t\n\t\t\t\t\t\t\t\t\t<\/div>\n\n\t\t\t\t\t\t\t\t\t\t\t\t\t\t\t<\/div>\n\t\t\t\t\t\t<\/div>\n\t\t\t\t\t<\/div>\n\t\t\t\t\t\t\t\t\t\t\n\t\t\t\t\t<div class=\"bdt-item-wrap bdt-flex\">\n\t\t\t\t\t\t<div class=\"bdt-item bdt-flex bdt-flex-middle\">\n\t\t\t\t\t\t\t\n\t\t\t\t\t\t\t\t\t\t\t\t\t\t<div class=\"bdt-image bdt-flex\">\n\t\t\t\t\t\t\t\t<a href=\"https:\/\/veritas.cl\/veritas\/veritas-seguros-construyendo-presencia-xviii-expomin-2025\/\"\n\t\t\t\t\t\t\t\t\ttitle=\"Veritas Seguros Construyendo presencia XVIII Expomin 2025\">\n\t\t\t\t\t\t\t\t\t<img loading=\"lazy\" decoding=\"async\" width=\"150\" height=\"150\" src=\"https:\/\/veritas.cl\/veritas\/wp-content\/uploads\/2025\/05\/Noticias-0125-150x150.png\" class=\"attachment-thumbnail size-thumbnail\" alt=\"Veritas Seguros Construyendo presencia XVIII Expomin 2025\" \/>\t\t\t\t\t\t\t\t<\/a>\n\t\t\t\t\t\t\t<\/div>\n\t\t\t\t\t\t\t\n\t\t\t\t\t\t\t<div class=\"bdt-content\">\n\t\t\t\t\t\t\t\t\t\t\t\t\t\t\t\t\t<h3\t\t\t\t\t\t\t\t\t\tclass=\"bdt-title\">\n\t\t\t\t\t\t\t\t\t\t<a href=\"https:\/\/veritas.cl\/veritas\/veritas-seguros-construyendo-presencia-xviii-expomin-2025\/\" class=\"bdt-link\"\n\t\t\t\t\t\t\t\t\t\t\ttitle=\"Veritas Seguros Construyendo presencia XVIII Expomin 2025\">\n\t\t\t\t\t\t\t\t\t\t\tVeritas Seguros Construyendo presencia XVIII Expomin 2025\t\t\t\t\t\t\t\t\t\t<\/a>\n\t\t\t\t\t\t\t\t\t<\/h3>\n\t\t\t\t\t\t\t\t\n\t\t\t\t\t\t\t\t\n\t\t\t\t\t\t\t\t\t<div class=\"bdt-meta bdt-subnav bdt-flex-middle\">\n\t\t\t\t\t\t\t\t\t\t<span>mayo 12, 2025<\/span>\t\t\t\t\t\t\t\t\t\t\t\t\t\t\t\t\t\t\t\t\t\t\t<span>\n\t\t\t<a href=\"https:\/\/veritas.cl\/veritas\/category\/noticias\/\">Noticias<\/a>\t\t<\/span>\n\t\t\t\t\t\t\t\t\t\t\t\t\n\t\t\t\t\t\t\t\t\t<\/div>\n\n\t\t\t\t\t\t\t\t\t\t\t\t\t\t\t<\/div>\n\t\t\t\t\t\t<\/div>\n\t\t\t\t\t<\/div>\n\t\t\t\t\t\t\t\t\t\t\n\t\t\t\t\t<div class=\"bdt-item-wrap bdt-flex\">\n\t\t\t\t\t\t<div class=\"bdt-item bdt-flex bdt-flex-middle\">\n\t\t\t\t\t\t\t\n\t\t\t\t\t\t\t\t\t\t\t\t\t\t<div class=\"bdt-image bdt-flex\">\n\t\t\t\t\t\t\t\t<a href=\"https:\/\/veritas.cl\/veritas\/rompiendo-barreras\/\"\n\t\t\t\t\t\t\t\t\ttitle=\"Rompiendo barreras:\">\n\t\t\t\t\t\t\t\t\t<img loading=\"lazy\" decoding=\"async\" width=\"150\" height=\"150\" src=\"https:\/\/veritas.cl\/veritas\/wp-content\/uploads\/2026\/03\/iStock-1462024018-2-150x150.jpg\" class=\"attachment-thumbnail size-thumbnail\" alt=\"Rompiendo barreras:\" \/>\t\t\t\t\t\t\t\t<\/a>\n\t\t\t\t\t\t\t<\/div>\n\t\t\t\t\t\t\t\n\t\t\t\t\t\t\t<div class=\"bdt-content\">\n\t\t\t\t\t\t\t\t\t\t\t\t\t\t\t\t\t<h3\t\t\t\t\t\t\t\t\t\tclass=\"bdt-title\">\n\t\t\t\t\t\t\t\t\t\t<a href=\"https:\/\/veritas.cl\/veritas\/rompiendo-barreras\/\" class=\"bdt-link\"\n\t\t\t\t\t\t\t\t\t\t\ttitle=\"Rompiendo barreras:\">\n\t\t\t\t\t\t\t\t\t\t\tRompiendo barreras:\t\t\t\t\t\t\t\t\t\t<\/a>\n\t\t\t\t\t\t\t\t\t<\/h3>\n\t\t\t\t\t\t\t\t\n\t\t\t\t\t\t\t\t\n\t\t\t\t\t\t\t\t\t<div class=\"bdt-meta bdt-subnav bdt-flex-middle\">\n\t\t\t\t\t\t\t\t\t\t<span>abril 2, 2025<\/span>\t\t\t\t\t\t\t\t\t\t\t\t\t\t\t\t\t\t\t\t\t\t\t<span>\n\t\t\t<a href=\"https:\/\/veritas.cl\/veritas\/category\/noticias\/\">Noticias<\/a>\t\t<\/span>\n\t\t\t\t\t\t\t\t\t\t\t\t\n\t\t\t\t\t\t\t\t\t<\/div>\n\n\t\t\t\t\t\t\t\t\t\t\t\t\t\t\t<\/div>\n\t\t\t\t\t\t<\/div>\n\t\t\t\t\t<\/div>\n\t\t\t\t\t\t\t\t\t\t\t\t\n\t\t\t\t<!-- GRADIENT SPINNER -->\n\t\t\t\t<div id=\"bdt-loading-image\" style=\"display: none;\">\n\t\t\t\t\t<div class=\"bdt-spinner-box\">\n\t\t\t\t\t<div class=\"bdt-circle-border\">\n\t\t\t\t\t\t<div class=\"bdt-circle-core\"><\/div>\n\t\t\t\t\t<\/div>  \n\t\t\t\t\t<\/div>\n\t\t\t\t<\/div>\n\t\t\t\t<!-- GRADIENT SPINNER -->\n\t\t\t\t\n\t\t\t<\/div>\n\t\t<\/div>\n\n\t\t\t\t\t\t\t<\/div>\n\t\t\t\t<\/div>\n\t\t\t\t<\/div>\n\t\t\t\t<\/div>\n\t\t\t\t\t<\/div>\n\t\t\t\t<\/div>\n\t\t\t\t<\/div>\n\t\t","protected":false},"excerpt":{"rendered":"<p>Nota de Prensa Perspectivas Veritas VAS Seguros complementarios para Fonasa ganan terreno marzo 17, 2026 Noticias Incendios en el centro sur: un riesgo conocido que desaf\u00eda a los seguros enero 22, 2026 Noticias Los avances de la tecnolog\u00eda que est\u00e1n reduciendo siniestros en la seguridad vial enero 21, 2026 Noticias Seguros contra fraudes bancarios, una propuesta que apunta a proteger a los clientes enero 20, 2026 Noticias Veritas Seguros Construyendo presencia XVIII Expomin 2025 mayo 12, 2025 Noticias Rompiendo barreras: abril 2, 2025 Noticias<\/p>\n","protected":false},"author":3,"featured_media":0,"parent":0,"menu_order":0,"comment_status":"closed","ping_status":"closed","template":"","meta":{"footnotes":""},"class_list":["post-56351","page","type-page","status-publish","hentry"],"_links":{"self":[{"href":"https:\/\/veritas.cl\/veritas\/wp-json\/wp\/v2\/pages\/56351","targetHints":{"allow":["GET"]}}],"collection":[{"href":"https:\/\/veritas.cl\/veritas\/wp-json\/wp\/v2\/pages"}],"about":[{"href":"https:\/\/veritas.cl\/veritas\/wp-json\/wp\/v2\/types\/page"}],"author":[{"embeddable":true,"href":"https:\/\/veritas.cl\/veritas\/wp-json\/wp\/v2\/users\/3"}],"replies":[{"embeddable":true,"href":"https:\/\/veritas.cl\/veritas\/wp-json\/wp\/v2\/comments?post=56351"}],"version-history":[{"count":50,"href":"https:\/\/veritas.cl\/veritas\/wp-json\/wp\/v2\/pages\/56351\/revisions"}],"predecessor-version":[{"id":62211,"href":"https:\/\/veritas.cl\/veritas\/wp-json\/wp\/v2\/pages\/56351\/revisions\/62211"}],"wp:attachment":[{"href":"https:\/\/veritas.cl\/veritas\/wp-json\/wp\/v2\/media?parent=56351"}],"curies":[{"name":"wp","href":"https:\/\/api.w.org\/{rel}","templated":true}]}}