{"id":59745,"date":"2026-02-03T13:33:31","date_gmt":"2026-02-03T13:33:31","guid":{"rendered":"https:\/\/veritas.cl\/veritas\/?page_id=59745"},"modified":"2026-03-23T15:26:25","modified_gmt":"2026-03-23T15:26:25","slug":"trabaja-con-nosotros","status":"publish","type":"page","link":"https:\/\/veritas.cl\/veritas\/trabaja-con-nosotros\/","title":{"rendered":"Carrera Vas"},"content":{"rendered":"\t\t<div data-elementor-type=\"wp-page\" data-elementor-id=\"59745\" class=\"elementor elementor-59745\" data-elementor-settings=\"{&quot;element_pack_global_tooltip_width&quot;:{&quot;unit&quot;:&quot;px&quot;,&quot;size&quot;:&quot;&quot;,&quot;sizes&quot;:[]},&quot;element_pack_global_tooltip_width_laptop&quot;:{&quot;unit&quot;:&quot;px&quot;,&quot;size&quot;:&quot;&quot;,&quot;sizes&quot;:[]},&quot;element_pack_global_tooltip_width_tablet&quot;:{&quot;unit&quot;:&quot;px&quot;,&quot;size&quot;:&quot;&quot;,&quot;sizes&quot;:[]},&quot;element_pack_global_tooltip_width_mobile&quot;:{&quot;unit&quot;:&quot;px&quot;,&quot;size&quot;:&quot;&quot;,&quot;sizes&quot;:[]},&quot;element_pack_global_tooltip_padding&quot;:{&quot;unit&quot;:&quot;px&quot;,&quot;top&quot;:&quot;&quot;,&quot;right&quot;:&quot;&quot;,&quot;bottom&quot;:&quot;&quot;,&quot;left&quot;:&quot;&quot;,&quot;isLinked&quot;:true},&quot;element_pack_global_tooltip_padding_laptop&quot;:{&quot;unit&quot;:&quot;px&quot;,&quot;top&quot;:&quot;&quot;,&quot;right&quot;:&quot;&quot;,&quot;bottom&quot;:&quot;&quot;,&quot;left&quot;:&quot;&quot;,&quot;isLinked&quot;:true},&quot;element_pack_global_tooltip_padding_tablet&quot;:{&quot;unit&quot;:&quot;px&quot;,&quot;top&quot;:&quot;&quot;,&quot;right&quot;:&quot;&quot;,&quot;bottom&quot;:&quot;&quot;,&quot;left&quot;:&quot;&quot;,&quot;isLinked&quot;:true},&quot;element_pack_global_tooltip_padding_mobile&quot;:{&quot;unit&quot;:&quot;px&quot;,&quot;top&quot;:&quot;&quot;,&quot;right&quot;:&quot;&quot;,&quot;bottom&quot;:&quot;&quot;,&quot;left&quot;:&quot;&quot;,&quot;isLinked&quot;:true},&quot;element_pack_global_tooltip_border_radius&quot;:{&quot;unit&quot;:&quot;px&quot;,&quot;top&quot;:&quot;&quot;,&quot;right&quot;:&quot;&quot;,&quot;bottom&quot;:&quot;&quot;,&quot;left&quot;:&quot;&quot;,&quot;isLinked&quot;:true},&quot;element_pack_global_tooltip_border_radius_laptop&quot;:{&quot;unit&quot;:&quot;px&quot;,&quot;top&quot;:&quot;&quot;,&quot;right&quot;:&quot;&quot;,&quot;bottom&quot;:&quot;&quot;,&quot;left&quot;:&quot;&quot;,&quot;isLinked&quot;:true},&quot;element_pack_global_tooltip_border_radius_tablet&quot;:{&quot;unit&quot;:&quot;px&quot;,&quot;top&quot;:&quot;&quot;,&quot;right&quot;:&quot;&quot;,&quot;bottom&quot;:&quot;&quot;,&quot;left&quot;:&quot;&quot;,&quot;isLinked&quot;:true},&quot;element_pack_global_tooltip_border_radius_mobile&quot;:{&quot;unit&quot;:&quot;px&quot;,&quot;top&quot;:&quot;&quot;,&quot;right&quot;:&quot;&quot;,&quot;bottom&quot;:&quot;&quot;,&quot;left&quot;:&quot;&quot;,&quot;isLinked&quot;:true}}\" data-elementor-post-type=\"page\">\n\t\t\t\t<div data-particle_enable=\"false\" data-particle-mobile-disabled=\"false\" class=\"elementor-element elementor-element-53fbdbb e-flex e-con-boxed wpr-particle-no wpr-jarallax-no wpr-parallax-no wpr-equal-height-no e-con e-parent\" data-id=\"53fbdbb\" data-element_type=\"container\" data-e-type=\"container\">\n\t\t\t\t\t<div class=\"e-con-inner\">\n\t\t<div data-particle_enable=\"false\" data-particle-mobile-disabled=\"false\" class=\"elementor-element elementor-element-799caaa6 e-con-full e-flex wpr-particle-no wpr-jarallax-no wpr-parallax-no wpr-equal-height-no e-con e-child\" data-id=\"799caaa6\" data-element_type=\"container\" data-e-type=\"container\">\n\t\t<div data-particle_enable=\"false\" data-particle-mobile-disabled=\"false\" class=\"elementor-element elementor-element-68bd3c21 e-con-full e-flex wpr-particle-no wpr-jarallax-no wpr-parallax-no wpr-equal-height-no e-con e-child\" data-id=\"68bd3c21\" data-element_type=\"container\" data-e-type=\"container\">\n\t\t\t\t<div class=\"elementor-element elementor-element-eb91cef elementor-widget elementor-widget-heading\" data-id=\"eb91cef\" data-element_type=\"widget\" data-e-type=\"widget\" data-widget_type=\"heading.default\">\n\t\t\t\t<div class=\"elementor-widget-container\">\n\t\t\t\t\t<h2 class=\"elementor-heading-title elementor-size-default\">Construyamos confianza juntos<\/h2>\t\t\t\t<\/div>\n\t\t\t\t<\/div>\n\t\t\t\t<div class=\"elementor-element elementor-element-228b10de elementor-widget elementor-widget-heading\" data-id=\"228b10de\" data-element_type=\"widget\" data-e-type=\"widget\" data-widget_type=\"heading.default\">\n\t\t\t\t<div class=\"elementor-widget-container\">\n\t\t\t\t\t<h2 class=\"elementor-heading-title elementor-size-default\">Descubre tu pr\u00f3ximo desaf\u00edo profesional<\/h2>\t\t\t\t<\/div>\n\t\t\t\t<\/div>\n\t\t\t\t<div class=\"elementor-element elementor-element-7ae506d elementor-widget elementor-widget-text-editor\" data-id=\"7ae506d\" data-element_type=\"widget\" data-e-type=\"widget\" data-widget_type=\"text-editor.default\">\n\t\t\t\t<div class=\"elementor-widget-container\">\n\t\t\t\t\t\t\t\t\t<div><p>En Veritas Vas, acompa\u00f1amos a personas, empresas e instituciones a tomar decisiones informadas y seguras. Nuestro compromiso con la solidez profesional, la independencia y la transparencia tambi\u00e9n se refleja en la forma en que construimos nuestro equipo.<\/p><\/div>\t\t\t\t\t\t\t\t<\/div>\n\t\t\t\t<\/div>\n\t\t\t\t<\/div>\n\t\t<div data-particle_enable=\"false\" data-particle-mobile-disabled=\"false\" class=\"elementor-element elementor-element-73cf72cb e-con-full e-flex wpr-particle-no wpr-jarallax-no wpr-parallax-no wpr-equal-height-no e-con e-child\" data-id=\"73cf72cb\" data-element_type=\"container\" data-e-type=\"container\" data-settings=\"{&quot;background_background&quot;:&quot;classic&quot;}\">\n\t\t\t\t<div class=\"elementor-element elementor-element-1ca01435 elementor-widget elementor-widget-image\" data-id=\"1ca01435\" data-element_type=\"widget\" data-e-type=\"widget\" data-widget_type=\"image.default\">\n\t\t\t\t<div class=\"elementor-widget-container\">\n\t\t\t\t\t\t\t\t\t\t\t\t\t\t\t<img fetchpriority=\"high\" decoding=\"async\" width=\"896\" height=\"896\" src=\"https:\/\/veritas.cl\/veritas\/wp-content\/uploads\/2026\/02\/envato-labs-image-edit-2-1.png\" class=\"attachment-large size-large wp-image-59921\" alt=\"\" srcset=\"https:\/\/veritas.cl\/veritas\/wp-content\/uploads\/2026\/02\/envato-labs-image-edit-2-1.png 896w, https:\/\/veritas.cl\/veritas\/wp-content\/uploads\/2026\/02\/envato-labs-image-edit-2-1-300x300.png 300w, https:\/\/veritas.cl\/veritas\/wp-content\/uploads\/2026\/02\/envato-labs-image-edit-2-1-150x150.png 150w, https:\/\/veritas.cl\/veritas\/wp-content\/uploads\/2026\/02\/envato-labs-image-edit-2-1-768x768.png 768w\" sizes=\"(max-width: 896px) 100vw, 896px\" \/>\t\t\t\t\t\t\t\t\t\t\t\t\t\t\t<\/div>\n\t\t\t\t<\/div>\n\t\t\t\t<\/div>\n\t\t\t\t<\/div>\n\t\t\t\t\t<\/div>\n\t\t\t\t<\/div>\n\t\t<div data-particle_enable=\"false\" data-particle-mobile-disabled=\"false\" class=\"elementor-element elementor-element-8b37807 e-flex e-con-boxed wpr-particle-no wpr-jarallax-no wpr-parallax-no wpr-equal-height-no e-con e-parent\" data-id=\"8b37807\" data-element_type=\"container\" data-e-type=\"container\">\n\t\t\t\t\t<div class=\"e-con-inner\">\n\t\t<div data-particle_enable=\"false\" data-particle-mobile-disabled=\"false\" class=\"elementor-element elementor-element-651217b7 e-con-full e-flex wpr-particle-no wpr-jarallax-no wpr-parallax-no wpr-equal-height-no e-con e-child\" data-id=\"651217b7\" data-element_type=\"container\" data-e-type=\"container\">\n\t\t\t\t<div class=\"elementor-element elementor-element-77fe65d1 elementor-widget elementor-widget-heading\" data-id=\"77fe65d1\" data-element_type=\"widget\" data-e-type=\"widget\" data-widget_type=\"heading.default\">\n\t\t\t\t<div class=\"elementor-widget-container\">\n\t\t\t\t\t<h2 class=\"elementor-heading-title elementor-size-default\">Oportunidad para profesionales del sector<\/h2>\t\t\t\t<\/div>\n\t\t\t\t<\/div>\n\t\t\t\t<div class=\"elementor-element elementor-element-cada9ae elementor-widget elementor-widget-text-editor\" data-id=\"cada9ae\" data-element_type=\"widget\" data-e-type=\"widget\" data-widget_type=\"text-editor.default\">\n\t\t\t\t<div class=\"elementor-widget-container\">\n\t\t\t\t\t\t\t\t\t<p>Buscamos especialistas con experiencia en el rubro, motivados por la excelencia t\u00e9cnica y el aporte profesional. En Veritas VAS valoramos las miradas rigurosas, la capacidad de an\u00e1lisis y el compromiso con la calidad del servicio.<\/p><div>Aqu\u00ed encontrar\u00e1s un entorno que impulsa el aprendizaje continuo, fomenta la autonom\u00eda y promueve el desarrollo en \u00e1reas de especializaci\u00f3n.<\/div><div>\u00a0<\/div><div>Si buscas nuevos desaf\u00edos y deseas proyectar una carrera s\u00f3lida integrando un equipo t\u00e9cnico y colaborativo, este es tu lugar para crecer.<\/div>\t\t\t\t\t\t\t\t<\/div>\n\t\t\t\t<\/div>\n\t\t\t\t<\/div>\n\t\t<div data-particle_enable=\"false\" data-particle-mobile-disabled=\"false\" class=\"elementor-element elementor-element-94208ab e-con-full e-flex wpr-particle-no wpr-jarallax-no wpr-parallax-no wpr-equal-height-no e-con e-child\" data-id=\"94208ab\" data-element_type=\"container\" data-e-type=\"container\">\n\t\t\t\t<div class=\"elementor-element elementor-element-415f9ba8 elementor-widget elementor-widget-heading\" data-id=\"415f9ba8\" data-element_type=\"widget\" data-e-type=\"widget\" data-widget_type=\"heading.default\">\n\t\t\t\t<div class=\"elementor-widget-container\">\n\t\t\t\t\t<h2 class=\"elementor-heading-title elementor-size-default\">Nuestra manera <br> de trabajar<\/h2>\t\t\t\t<\/div>\n\t\t\t\t<\/div>\n\t\t\t\t<div class=\"elementor-element elementor-element-752c0b25 elementor-widget elementor-widget-text-editor\" data-id=\"752c0b25\" data-element_type=\"widget\" data-e-type=\"widget\" data-widget_type=\"text-editor.default\">\n\t\t\t\t<div class=\"elementor-widget-container\">\n\t\t\t\t\t\t\t\t\t<p>En Veritas VAS construimos relaciones de largo plazo basadas en el respeto, la colaboraci\u00f3n y la responsabilidad profesional. Nuestro enfoque de trabajo combina rigor t\u00e9cnico con acompa\u00f1amiento cercano.<\/p><p>Valoramos a quienes aportan desde su experiencia, buscan soluciones de calidad y se comprometen con una labor profesional consistente.<\/p><p>Creemos en el trabajo conjunto como camino para generar confianza y resultados que marcan la diferencia.<\/p>\t\t\t\t\t\t\t\t<\/div>\n\t\t\t\t<\/div>\n\t\t\t\t<\/div>\n\t\t<div data-particle_enable=\"false\" data-particle-mobile-disabled=\"false\" class=\"elementor-element elementor-element-fcc6264 e-con-full e-flex wpr-particle-no wpr-jarallax-no wpr-parallax-no wpr-equal-height-no e-con e-child\" data-id=\"fcc6264\" data-element_type=\"container\" data-e-type=\"container\">\n\t\t\t\t<div class=\"elementor-element elementor-element-2b2bb8d5 elementor-widget elementor-widget-heading\" data-id=\"2b2bb8d5\" data-element_type=\"widget\" data-e-type=\"widget\" data-widget_type=\"heading.default\">\n\t\t\t\t<div class=\"elementor-widget-container\">\n\t\t\t\t\t<h2 class=\"elementor-heading-title elementor-size-default\">Por qu\u00e9 integrarte a <br>Veritas VAS<\/h2>\t\t\t\t<\/div>\n\t\t\t\t<\/div>\n\t\t\t\t<div class=\"elementor-element elementor-element-332f666 elementor-widget elementor-widget-text-editor\" data-id=\"332f666\" data-element_type=\"widget\" data-e-type=\"widget\" data-widget_type=\"text-editor.default\">\n\t\t\t\t<div class=\"elementor-widget-container\">\n\t\t\t\t\t\t\t\t\t<p><strong>\u2022 Excelencia t\u00e9cnica como prop\u00f3sito, <\/strong>asesoramos con rigor t\u00e9cnico y enfoque profesional a los clientes.<\/p><p><strong>\u2022 Transparencia que impulsa resultados,<\/strong>\u00a0nos guiamos de manera clara, responsable y coherente.<\/p><p><strong>\u2022 Solidez construida con experiencia,<\/strong>\u00a0d\u00e9cadas de trayectoria respaldan nuestro servicio y prestigio en el sector.<\/p><p><strong>\u2022 Cultura colaborativa,<\/strong> valoramos el aporte personal, desarrollamos capacidades y potenciamos crecimiento profesional.<\/p>\t\t\t\t\t\t\t\t<\/div>\n\t\t\t\t<\/div>\n\t\t\t\t<\/div>\n\t\t\t\t\t<\/div>\n\t\t\t\t<\/div>\n\t\t<div data-particle_enable=\"false\" data-particle-mobile-disabled=\"false\" class=\"elementor-element elementor-element-8307c85 bdt-backdrop-filter-yes e-flex e-con-boxed wpr-particle-no wpr-jarallax-no wpr-parallax-no wpr-equal-height-no e-con e-parent\" data-id=\"8307c85\" data-element_type=\"container\" data-e-type=\"container\" data-settings=\"{&quot;background_background&quot;:&quot;video&quot;,&quot;background_play_on_mobile&quot;:&quot;yes&quot;}\">\n\t\t\t\t\t<div class=\"e-con-inner\">\n\t\t<div data-particle_enable=\"false\" data-particle-mobile-disabled=\"false\" class=\"elementor-element elementor-element-15c27e8 e-con-full e-flex wpr-particle-no wpr-jarallax-no wpr-parallax-no wpr-equal-height-no e-con e-child\" data-id=\"15c27e8\" data-element_type=\"container\" data-e-type=\"container\" data-settings=\"{&quot;background_background&quot;:&quot;classic&quot;}\">\n\t\t\t\t<div class=\"elementor-element elementor-element-c6044ad elementor-widget elementor-widget-heading\" data-id=\"c6044ad\" data-element_type=\"widget\" data-e-type=\"widget\" data-widget_type=\"heading.default\">\n\t\t\t\t<div class=\"elementor-widget-container\">\n\t\t\t\t\t<h2 class=\"elementor-heading-title elementor-size-default\">Te invitamos a avanzar con nosotros<\/h2>\t\t\t\t<\/div>\n\t\t\t\t<\/div>\n\t\t\t\t<div class=\"elementor-element elementor-element-c318450 elementor-widget elementor-widget-text-editor\" data-id=\"c318450\" data-element_type=\"widget\" data-e-type=\"widget\" data-widget_type=\"text-editor.default\">\n\t\t\t\t<div class=\"elementor-widget-container\">\n\t\t\t\t\t\t\t\t\t<p>Si eres un profesional que busca aportar conocimiento t\u00e9cnico, compromiso y trabajo en equipo, queremos conocerte.<\/p>\t\t\t\t\t\t\t\t<\/div>\n\t\t\t\t<\/div>\n\t\t<div data-particle_enable=\"false\" data-particle-mobile-disabled=\"false\" class=\"elementor-element elementor-element-f539bac e-con-full e-grid wpr-particle-no wpr-jarallax-no wpr-parallax-no wpr-equal-height-no e-con e-child\" data-id=\"f539bac\" data-element_type=\"container\" data-e-type=\"container\">\n\t\t<div data-particle_enable=\"false\" data-particle-mobile-disabled=\"false\" class=\"elementor-element elementor-element-8d06c45 e-con-full elementor-hidden-mobile e-flex wpr-particle-no wpr-jarallax-no wpr-parallax-no wpr-equal-height-no e-con e-child\" data-id=\"8d06c45\" data-element_type=\"container\" data-e-type=\"container\">\n\t\t\t\t<\/div>\n\t\t<div data-particle_enable=\"false\" data-particle-mobile-disabled=\"false\" class=\"elementor-element elementor-element-c5ed7b8 e-con-full e-flex wpr-particle-no wpr-jarallax-no wpr-parallax-no wpr-equal-height-no e-con e-child\" data-id=\"c5ed7b8\" data-element_type=\"container\" data-e-type=\"container\">\n\t\t\t\t<div class=\"elementor-element elementor-element-60e2c96 elementor-position-inline-start elementor-mobile-position-inline-start elementor-view-default elementor-widget elementor-widget-icon-box\" data-id=\"60e2c96\" data-element_type=\"widget\" data-e-type=\"widget\" data-widget_type=\"icon-box.default\">\n\t\t\t\t<div class=\"elementor-widget-container\">\n\t\t\t\t\t\t\t<div class=\"elementor-icon-box-wrapper\">\n\n\t\t\t\t\t\t<div class=\"elementor-icon-box-icon\">\n\t\t\t\t<a href=\"mailto:postulaciones@veritas.cl\" class=\"elementor-icon\" tabindex=\"-1\" aria-label=\"Env\u00edenos tu CV\">\n\t\t\t\t<svg xmlns=\"http:\/\/www.w3.org\/2000\/svg\" id=\"Capa_1\" viewBox=\"0 0 241 69\"><defs><style>      .st0 {        fill: #039;      }      .st1 {        fill: none;        stroke: #039;        stroke-miterlimit: 10;        stroke-width: 6px;      }    <\/style><\/defs><path class=\"st1\" d=\"M3,35h227.06\"><\/path><path class=\"st0\" d=\"M184.96,66.68c-.98-1.53-.52-3.58,1.02-4.56l42.58-27.12-42.58-27.12c-1.54-.98-2-3.02-1.02-4.56.98-1.53,3.04-1.98,4.56-1.01l46.95,29.91c.95.61,1.53,1.66,1.53,2.78s-.58,2.18-1.53,2.78l-46.95,29.91c-.55.35-1.17.52-1.77.52-1.09,0-2.16-.54-2.79-1.53Z\"><\/path><\/svg>\t\t\t\t<\/a>\n\t\t\t<\/div>\n\t\t\t\n\t\t\t\t\t\t<div class=\"elementor-icon-box-content\">\n\n\t\t\t\t\t\t\t\t\t<h3 class=\"elementor-icon-box-title\">\n\t\t\t\t\t\t<a href=\"mailto:postulaciones@veritas.cl\" >\n\t\t\t\t\t\t\tEnv\u00edenos tu CV\t\t\t\t\t\t<\/a>\n\t\t\t\t\t<\/h3>\n\t\t\t\t\n\t\t\t\t\n\t\t\t<\/div>\n\t\t\t\n\t\t<\/div>\n\t\t\t\t\t\t<\/div>\n\t\t\t\t<\/div>\n\t\t\t\t<\/div>\n\t\t\t\t<\/div>\n\t\t\t\t<\/div>\n\t\t\t\t\t<\/div>\n\t\t\t\t<\/div>\n\t\t\t\t<\/div>\n\t\t","protected":false},"excerpt":{"rendered":"<p>Construyamos confianza juntos Descubre tu pr\u00f3ximo desaf\u00edo profesional En Veritas Vas, acompa\u00f1amos a personas, empresas e instituciones a tomar decisiones informadas y seguras. Nuestro compromiso con la solidez profesional, la independencia y la transparencia tambi\u00e9n se refleja en la forma en que construimos nuestro equipo. Oportunidad para profesionales del sector Buscamos especialistas con experiencia en el rubro, motivados por la excelencia t\u00e9cnica y el aporte profesional. En Veritas VAS valoramos las miradas rigurosas, la capacidad de an\u00e1lisis y el compromiso con la calidad del servicio. Aqu\u00ed encontrar\u00e1s un entorno que impulsa el aprendizaje continuo, fomenta la autonom\u00eda y promueve el desarrollo en \u00e1reas de especializaci\u00f3n.\u00a0Si buscas nuevos desaf\u00edos y deseas proyectar una carrera s\u00f3lida integrando un equipo t\u00e9cnico y colaborativo, este es tu lugar para crecer. Nuestra manera de trabajar En Veritas VAS construimos relaciones de largo plazo basadas en el respeto, la colaboraci\u00f3n y la responsabilidad profesional. Nuestro enfoque de trabajo combina rigor t\u00e9cnico con acompa\u00f1amiento cercano. Valoramos a quienes aportan desde su experiencia, buscan soluciones de calidad y se comprometen con una labor profesional consistente. Creemos en el trabajo conjunto como camino para generar confianza y resultados que marcan la diferencia. Por qu\u00e9 integrarte a Veritas VAS \u2022 Excelencia t\u00e9cnica como prop\u00f3sito, asesoramos con rigor t\u00e9cnico y enfoque profesional a los clientes. \u2022 Transparencia que impulsa resultados,\u00a0nos guiamos de manera clara, responsable y coherente. \u2022 Solidez construida con experiencia,\u00a0d\u00e9cadas de trayectoria respaldan nuestro servicio y prestigio en el sector. \u2022 Cultura colaborativa, valoramos el aporte personal, desarrollamos capacidades y potenciamos crecimiento profesional. Te invitamos a avanzar con nosotros Si eres un profesional que busca aportar conocimiento t\u00e9cnico, compromiso y trabajo en equipo, queremos conocerte. Env\u00edenos tu CV<\/p>\n","protected":false},"author":1,"featured_media":0,"parent":0,"menu_order":0,"comment_status":"closed","ping_status":"closed","template":"","meta":{"footnotes":""},"class_list":["post-59745","page","type-page","status-publish","hentry"],"_links":{"self":[{"href":"https:\/\/veritas.cl\/veritas\/wp-json\/wp\/v2\/pages\/59745","targetHints":{"allow":["GET"]}}],"collection":[{"href":"https:\/\/veritas.cl\/veritas\/wp-json\/wp\/v2\/pages"}],"about":[{"href":"https:\/\/veritas.cl\/veritas\/wp-json\/wp\/v2\/types\/page"}],"author":[{"embeddable":true,"href":"https:\/\/veritas.cl\/veritas\/wp-json\/wp\/v2\/users\/1"}],"replies":[{"embeddable":true,"href":"https:\/\/veritas.cl\/veritas\/wp-json\/wp\/v2\/comments?post=59745"}],"version-history":[{"count":224,"href":"https:\/\/veritas.cl\/veritas\/wp-json\/wp\/v2\/pages\/59745\/revisions"}],"predecessor-version":[{"id":62556,"href":"https:\/\/veritas.cl\/veritas\/wp-json\/wp\/v2\/pages\/59745\/revisions\/62556"}],"wp:attachment":[{"href":"https:\/\/veritas.cl\/veritas\/wp-json\/wp\/v2\/media?parent=59745"}],"curies":[{"name":"wp","href":"https:\/\/api.w.org\/{rel}","templated":true}]}}